{"id":1036,"date":"2022-02-22T20:18:27","date_gmt":"2022-02-22T20:18:27","guid":{"rendered":"https:\/\/stanijamaricic.com\/product\/guadalupe\/"},"modified":"2023-04-17T09:44:52","modified_gmt":"2023-04-17T09:44:52","slug":"annamaria-2","status":"publish","type":"product","link":"https:\/\/stanijamaricic.com\/en\/shop\/annamaria-2\/","title":{"rendered":"AnnaMaria"},"content":{"rendered":"<p>Abendkleid, Einzelst\u00fcck, Figurbetont, Leicht, macht sch\u00f6ne Figur, Entz\u00fcckender R\u00fcckenausschnitt, Handarbeit mit H\u00e4kelspitze<\/p>","protected":false},"excerpt":{"rendered":"<p>Polyester 92%, Elastane 8%, Wash, 40\u00b0C<\/p>","protected":false},"featured_media":1255,"comment_status":"open","ping_status":"closed","template":"","meta":[],"product_brand":[],"product_cat":[155],"product_tag":[153,197,243,108,218,214,160,157,254,123,250,158,106,210],"class_list":{"0":"post-1036","1":"product","2":"type-product","3":"status-publish","4":"has-post-thumbnail","6":"product_cat-abendkleid","7":"product_tag-abendkleid","8":"product_tag-eigenkreation","9":"product_tag-elastisch","10":"product_tag-elegant","11":"product_tag-feminin","12":"product_tag-figurbetonter-schnit","13":"product_tag-gehaekelte-details","14":"product_tag-genaeht","15":"product_tag-kleid","16":"product_tag-romantisch","17":"product_tag-sommerkleid","18":"product_tag-stretch","19":"product_tag-unikat","20":"product_tag-verfuehrerisch","22":"first","23":"instock","24":"sale","25":"taxable","26":"shipping-taxable","27":"purchasable","28":"product-type-simple"},"_links":{"self":[{"href":"https:\/\/stanijamaricic.com\/en\/wp-json\/wp\/v2\/product\/1036","targetHints":{"allow":["GET"]}}],"collection":[{"href":"https:\/\/stanijamaricic.com\/en\/wp-json\/wp\/v2\/product"}],"about":[{"href":"https:\/\/stanijamaricic.com\/en\/wp-json\/wp\/v2\/types\/product"}],"replies":[{"embeddable":true,"href":"https:\/\/stanijamaricic.com\/en\/wp-json\/wp\/v2\/comments?post=1036"}],"wp:featuredmedia":[{"embeddable":true,"href":"https:\/\/stanijamaricic.com\/en\/wp-json\/wp\/v2\/media\/1255"}],"wp:attachment":[{"href":"https:\/\/stanijamaricic.com\/en\/wp-json\/wp\/v2\/media?parent=1036"}],"wp:term":[{"taxonomy":"product_brand","embeddable":true,"href":"https:\/\/stanijamaricic.com\/en\/wp-json\/wp\/v2\/product_brand?post=1036"},{"taxonomy":"product_cat","embeddable":true,"href":"https:\/\/stanijamaricic.com\/en\/wp-json\/wp\/v2\/product_cat?post=1036"},{"taxonomy":"product_tag","embeddable":true,"href":"https:\/\/stanijamaricic.com\/en\/wp-json\/wp\/v2\/product_tag?post=1036"}],"curies":[{"name":"wp","href":"https:\/\/api.w.org\/{rel}","templated":true}]}}