{"id":1059,"date":"2022-02-22T20:18:36","date_gmt":"2022-02-22T20:18:36","guid":{"rendered":"https:\/\/stanijamaricic.com\/product\/wrenley\/"},"modified":"2023-04-17T11:06:13","modified_gmt":"2023-04-17T11:06:13","slug":"vanaty-2","status":"publish","type":"product","link":"https:\/\/stanijamaricic.com\/en\/shop\/vanaty-2\/","title":{"rendered":"Vanaty"},"content":{"rendered":"<p>Abendkleid, Einzelst\u00fcck, Eigenkreation, Handgefertigt mit Spitze, Figurbetont, macht sch\u00f6ne Figur , Glamour\u00f6s mit Schleppe<\/p>","protected":false},"excerpt":{"rendered":"<p>Polyester 94%, Elastane 6% Wash 30\u00b0C<\/p>","protected":false},"featured_media":1195,"comment_status":"open","ping_status":"closed","template":"","meta":[],"product_brand":[],"product_cat":[155],"product_tag":[193,197,243,108,218,194,104,157,254,190,210],"class_list":{"0":"post-1059","1":"product","2":"type-product","3":"status-publish","4":"has-post-thumbnail","6":"product_cat-abendkleid","7":"product_tag-abendkleid-genaeht-2","8":"product_tag-eigenkreation","9":"product_tag-elastisch","10":"product_tag-elegant","11":"product_tag-feminin","12":"product_tag-figurbetont","13":"product_tag-gehakelt","14":"product_tag-genaeht","15":"product_tag-kleid","16":"product_tag-spitze","17":"product_tag-verfuehrerisch","19":"first","20":"instock","21":"sale","22":"taxable","23":"shipping-taxable","24":"purchasable","25":"product-type-simple"},"_links":{"self":[{"href":"https:\/\/stanijamaricic.com\/en\/wp-json\/wp\/v2\/product\/1059","targetHints":{"allow":["GET"]}}],"collection":[{"href":"https:\/\/stanijamaricic.com\/en\/wp-json\/wp\/v2\/product"}],"about":[{"href":"https:\/\/stanijamaricic.com\/en\/wp-json\/wp\/v2\/types\/product"}],"replies":[{"embeddable":true,"href":"https:\/\/stanijamaricic.com\/en\/wp-json\/wp\/v2\/comments?post=1059"}],"wp:featuredmedia":[{"embeddable":true,"href":"https:\/\/stanijamaricic.com\/en\/wp-json\/wp\/v2\/media\/1195"}],"wp:attachment":[{"href":"https:\/\/stanijamaricic.com\/en\/wp-json\/wp\/v2\/media?parent=1059"}],"wp:term":[{"taxonomy":"product_brand","embeddable":true,"href":"https:\/\/stanijamaricic.com\/en\/wp-json\/wp\/v2\/product_brand?post=1059"},{"taxonomy":"product_cat","embeddable":true,"href":"https:\/\/stanijamaricic.com\/en\/wp-json\/wp\/v2\/product_cat?post=1059"},{"taxonomy":"product_tag","embeddable":true,"href":"https:\/\/stanijamaricic.com\/en\/wp-json\/wp\/v2\/product_tag?post=1059"}],"curies":[{"name":"wp","href":"https:\/\/api.w.org\/{rel}","templated":true}]}}