{"id":1676,"date":"2022-03-06T13:21:31","date_gmt":"2022-03-06T13:21:31","guid":{"rendered":"https:\/\/stanijamaricic.com\/?post_type=product&#038;p=1676"},"modified":"2023-04-19T20:21:33","modified_gmt":"2023-04-19T20:21:33","slug":"stefanie","status":"publish","type":"product","link":"https:\/\/stanijamaricic.com\/en\/shop\/stefanie\/","title":{"rendered":"Redana"},"content":{"rendered":"<p>Abendkleid, Ein traum mit Pailletten macht sehr sch\u00f6ne Figur, Glamour\u00f6s, mit Schleppe, Einzelst\u00fcck<\/p>","protected":false},"excerpt":{"rendered":"<p>Polyester 100%, hand wash<\/p>","protected":false},"featured_media":1724,"comment_status":"open","ping_status":"closed","template":"","meta":[],"product_brand":[],"product_cat":[155],"product_tag":[153,201,123],"class_list":{"0":"post-1676","1":"product","2":"type-product","3":"status-publish","4":"has-post-thumbnail","6":"product_cat-abendkleid","7":"product_tag-abendkleid","8":"product_tag-pailletten","9":"product_tag-romantisch","11":"first","12":"instock","13":"sale","14":"taxable","15":"shipping-taxable","16":"purchasable","17":"product-type-simple"},"_links":{"self":[{"href":"https:\/\/stanijamaricic.com\/en\/wp-json\/wp\/v2\/product\/1676","targetHints":{"allow":["GET"]}}],"collection":[{"href":"https:\/\/stanijamaricic.com\/en\/wp-json\/wp\/v2\/product"}],"about":[{"href":"https:\/\/stanijamaricic.com\/en\/wp-json\/wp\/v2\/types\/product"}],"replies":[{"embeddable":true,"href":"https:\/\/stanijamaricic.com\/en\/wp-json\/wp\/v2\/comments?post=1676"}],"wp:featuredmedia":[{"embeddable":true,"href":"https:\/\/stanijamaricic.com\/en\/wp-json\/wp\/v2\/media\/1724"}],"wp:attachment":[{"href":"https:\/\/stanijamaricic.com\/en\/wp-json\/wp\/v2\/media?parent=1676"}],"wp:term":[{"taxonomy":"product_brand","embeddable":true,"href":"https:\/\/stanijamaricic.com\/en\/wp-json\/wp\/v2\/product_brand?post=1676"},{"taxonomy":"product_cat","embeddable":true,"href":"https:\/\/stanijamaricic.com\/en\/wp-json\/wp\/v2\/product_cat?post=1676"},{"taxonomy":"product_tag","embeddable":true,"href":"https:\/\/stanijamaricic.com\/en\/wp-json\/wp\/v2\/product_tag?post=1676"}],"curies":[{"name":"wp","href":"https:\/\/api.w.org\/{rel}","templated":true}]}}