{"id":1809,"date":"2022-03-06T14:05:38","date_gmt":"2022-03-06T14:05:38","guid":{"rendered":"https:\/\/stanijamaricic.com\/?post_type=product&#038;p=1809"},"modified":"2023-04-19T19:11:19","modified_gmt":"2023-04-19T19:11:19","slug":"thalia","status":"publish","type":"product","link":"https:\/\/stanijamaricic.com\/en\/shop\/thalia\/","title":{"rendered":"Thalia"},"content":{"rendered":"<p>Ein Romantisches Kleid mit geh\u00e4kelte Spitze, f\u00fcr M\u00e4rchenhafte Auftritt, mit H\u00e4kelspitze, Einzelst\u00fcck<\/p>","protected":false},"excerpt":{"rendered":"<p>Polyacrylic 90%, Elastane 10%, Washing, 20\u00b0C<\/p>","protected":false},"featured_media":6697,"comment_status":"open","ping_status":"closed","template":"","meta":[],"product_brand":[],"product_cat":[155],"product_tag":[153,214],"class_list":{"0":"post-1809","1":"product","2":"type-product","3":"status-publish","4":"has-post-thumbnail","6":"product_cat-abendkleid","7":"product_tag-abendkleid","8":"product_tag-figurbetonter-schnit","10":"first","11":"instock","12":"sale","13":"taxable","14":"shipping-taxable","15":"purchasable","16":"product-type-simple"},"_links":{"self":[{"href":"https:\/\/stanijamaricic.com\/en\/wp-json\/wp\/v2\/product\/1809","targetHints":{"allow":["GET"]}}],"collection":[{"href":"https:\/\/stanijamaricic.com\/en\/wp-json\/wp\/v2\/product"}],"about":[{"href":"https:\/\/stanijamaricic.com\/en\/wp-json\/wp\/v2\/types\/product"}],"replies":[{"embeddable":true,"href":"https:\/\/stanijamaricic.com\/en\/wp-json\/wp\/v2\/comments?post=1809"}],"wp:featuredmedia":[{"embeddable":true,"href":"https:\/\/stanijamaricic.com\/en\/wp-json\/wp\/v2\/media\/6697"}],"wp:attachment":[{"href":"https:\/\/stanijamaricic.com\/en\/wp-json\/wp\/v2\/media?parent=1809"}],"wp:term":[{"taxonomy":"product_brand","embeddable":true,"href":"https:\/\/stanijamaricic.com\/en\/wp-json\/wp\/v2\/product_brand?post=1809"},{"taxonomy":"product_cat","embeddable":true,"href":"https:\/\/stanijamaricic.com\/en\/wp-json\/wp\/v2\/product_cat?post=1809"},{"taxonomy":"product_tag","embeddable":true,"href":"https:\/\/stanijamaricic.com\/en\/wp-json\/wp\/v2\/product_tag?post=1809"}],"curies":[{"name":"wp","href":"https:\/\/api.w.org\/{rel}","templated":true}]}}