{"id":1844,"date":"2022-03-06T14:05:41","date_gmt":"2022-03-06T14:05:41","guid":{"rendered":"https:\/\/stanijamaricic.com\/?post_type=product&#038;p=1844"},"modified":"2023-04-19T18:48:46","modified_gmt":"2023-04-19T18:48:46","slug":"hadeona","status":"publish","type":"product","link":"https:\/\/stanijamaricic.com\/en\/shop\/hadeona\/","title":{"rendered":"Hadeona"},"content":{"rendered":"<p>Abendkleid, Luxuri\u00f6s, Romantisch mit H\u00e4kelspitze, Sinnliche Details, Figurbetont, Einzelst\u00fcck<\/p>","protected":false},"excerpt":{"rendered":"<p>Polyacrylic 95%, elastane 5%, wash 30\u00b0C<\/p>","protected":false},"featured_media":1989,"comment_status":"open","ping_status":"closed","template":"","meta":[],"product_brand":[],"product_cat":[155],"product_tag":[217],"class_list":{"0":"post-1844","1":"product","2":"type-product","3":"status-publish","4":"has-post-thumbnail","6":"product_cat-abendkleid","7":"product_tag-abendkleid-mit-luxus-spitze","9":"first","10":"instock","11":"sale","12":"taxable","13":"shipping-taxable","14":"purchasable","15":"product-type-simple"},"_links":{"self":[{"href":"https:\/\/stanijamaricic.com\/en\/wp-json\/wp\/v2\/product\/1844","targetHints":{"allow":["GET"]}}],"collection":[{"href":"https:\/\/stanijamaricic.com\/en\/wp-json\/wp\/v2\/product"}],"about":[{"href":"https:\/\/stanijamaricic.com\/en\/wp-json\/wp\/v2\/types\/product"}],"replies":[{"embeddable":true,"href":"https:\/\/stanijamaricic.com\/en\/wp-json\/wp\/v2\/comments?post=1844"}],"wp:featuredmedia":[{"embeddable":true,"href":"https:\/\/stanijamaricic.com\/en\/wp-json\/wp\/v2\/media\/1989"}],"wp:attachment":[{"href":"https:\/\/stanijamaricic.com\/en\/wp-json\/wp\/v2\/media?parent=1844"}],"wp:term":[{"taxonomy":"product_brand","embeddable":true,"href":"https:\/\/stanijamaricic.com\/en\/wp-json\/wp\/v2\/product_brand?post=1844"},{"taxonomy":"product_cat","embeddable":true,"href":"https:\/\/stanijamaricic.com\/en\/wp-json\/wp\/v2\/product_cat?post=1844"},{"taxonomy":"product_tag","embeddable":true,"href":"https:\/\/stanijamaricic.com\/en\/wp-json\/wp\/v2\/product_tag?post=1844"}],"curies":[{"name":"wp","href":"https:\/\/api.w.org\/{rel}","templated":true}]}}