{"id":2142,"date":"2022-03-06T15:35:03","date_gmt":"2022-03-06T15:35:03","guid":{"rendered":"https:\/\/stanijamaricic.com\/?post_type=product&#038;p=2142"},"modified":"2023-04-19T18:20:11","modified_gmt":"2023-04-19T18:20:11","slug":"piper","status":"publish","type":"product","link":"https:\/\/stanijamaricic.com\/en\/shop\/piper\/","title":{"rendered":"Piper"},"content":{"rendered":"<p>Sommer \/ Brautkleid, Ein m\u00e4rchenhaftes Outfit f\u00fcr einen unvergesslichen Tag, Romantisch, Handgefertigt aus Kunststrickspitze, Einzelst\u00fcck, ideal f\u00fcr eine Strandhochzeit <\/p>","protected":false},"excerpt":{"rendered":"<p>Cotton 76%, Polyester 20%, Elastane 4%<\/p>","protected":false},"featured_media":6428,"comment_status":"open","ping_status":"closed","template":"","meta":[],"product_brand":[],"product_cat":[241],"product_tag":[251,250,246],"class_list":{"0":"post-2142","1":"product","2":"type-product","3":"status-publish","4":"has-post-thumbnail","6":"product_cat-hochzeitskleid","7":"product_tag-rommantisch","8":"product_tag-sommerkleid","9":"product_tag-strandhochzeit","11":"first","12":"instock","13":"sale","14":"taxable","15":"shipping-taxable","16":"purchasable","17":"product-type-simple"},"_links":{"self":[{"href":"https:\/\/stanijamaricic.com\/en\/wp-json\/wp\/v2\/product\/2142","targetHints":{"allow":["GET"]}}],"collection":[{"href":"https:\/\/stanijamaricic.com\/en\/wp-json\/wp\/v2\/product"}],"about":[{"href":"https:\/\/stanijamaricic.com\/en\/wp-json\/wp\/v2\/types\/product"}],"replies":[{"embeddable":true,"href":"https:\/\/stanijamaricic.com\/en\/wp-json\/wp\/v2\/comments?post=2142"}],"wp:featuredmedia":[{"embeddable":true,"href":"https:\/\/stanijamaricic.com\/en\/wp-json\/wp\/v2\/media\/6428"}],"wp:attachment":[{"href":"https:\/\/stanijamaricic.com\/en\/wp-json\/wp\/v2\/media?parent=2142"}],"wp:term":[{"taxonomy":"product_brand","embeddable":true,"href":"https:\/\/stanijamaricic.com\/en\/wp-json\/wp\/v2\/product_brand?post=2142"},{"taxonomy":"product_cat","embeddable":true,"href":"https:\/\/stanijamaricic.com\/en\/wp-json\/wp\/v2\/product_cat?post=2142"},{"taxonomy":"product_tag","embeddable":true,"href":"https:\/\/stanijamaricic.com\/en\/wp-json\/wp\/v2\/product_tag?post=2142"}],"curies":[{"name":"wp","href":"https:\/\/api.w.org\/{rel}","templated":true}]}}