{"id":2143,"date":"2022-03-06T15:35:03","date_gmt":"2022-03-06T15:35:03","guid":{"rendered":"https:\/\/stanijamaricic.com\/?post_type=product&#038;p=2143"},"modified":"2023-04-19T18:20:40","modified_gmt":"2023-04-19T18:20:40","slug":"amaras","status":"publish","type":"product","link":"https:\/\/stanijamaricic.com\/en\/shop\/amaras\/","title":{"rendered":"Amaras"},"content":{"rendered":"<p>Sommer \/ Braut \/ Abendkleid, Feminin, Verspielt, verf\u00fchrerisch, elastische Verarbeitung, romantisch, Handgefertigt aus H\u00e4kel &#038; Schweizer Spitze, Einzelst\u00fcck mit viel Liebe gemacht <\/p>","protected":false},"excerpt":{"rendered":"<p>Cotton 48%, Polyacrylic 46%, Elastane 6%<\/p>","protected":false},"featured_media":6576,"comment_status":"open","ping_status":"closed","template":"","meta":[],"product_brand":[],"product_cat":[241],"product_tag":[240,123,106,252],"class_list":{"0":"post-2143","1":"product","2":"type-product","3":"status-publish","4":"has-post-thumbnail","6":"product_cat-hochzeitskleid","7":"product_tag-brautkleid","8":"product_tag-romantisch","9":"product_tag-unikat","10":"product_tag-vintage","12":"first","13":"instock","14":"sale","15":"taxable","16":"shipping-taxable","17":"purchasable","18":"product-type-simple"},"_links":{"self":[{"href":"https:\/\/stanijamaricic.com\/en\/wp-json\/wp\/v2\/product\/2143","targetHints":{"allow":["GET"]}}],"collection":[{"href":"https:\/\/stanijamaricic.com\/en\/wp-json\/wp\/v2\/product"}],"about":[{"href":"https:\/\/stanijamaricic.com\/en\/wp-json\/wp\/v2\/types\/product"}],"replies":[{"embeddable":true,"href":"https:\/\/stanijamaricic.com\/en\/wp-json\/wp\/v2\/comments?post=2143"}],"wp:featuredmedia":[{"embeddable":true,"href":"https:\/\/stanijamaricic.com\/en\/wp-json\/wp\/v2\/media\/6576"}],"wp:attachment":[{"href":"https:\/\/stanijamaricic.com\/en\/wp-json\/wp\/v2\/media?parent=2143"}],"wp:term":[{"taxonomy":"product_brand","embeddable":true,"href":"https:\/\/stanijamaricic.com\/en\/wp-json\/wp\/v2\/product_brand?post=2143"},{"taxonomy":"product_cat","embeddable":true,"href":"https:\/\/stanijamaricic.com\/en\/wp-json\/wp\/v2\/product_cat?post=2143"},{"taxonomy":"product_tag","embeddable":true,"href":"https:\/\/stanijamaricic.com\/en\/wp-json\/wp\/v2\/product_tag?post=2143"}],"curies":[{"name":"wp","href":"https:\/\/api.w.org\/{rel}","templated":true}]}}