{"id":2163,"date":"2022-03-06T15:35:05","date_gmt":"2022-03-06T15:35:05","guid":{"rendered":"https:\/\/stanijamaricic.com\/?post_type=product&#038;p=2163"},"modified":"2023-04-19T18:07:47","modified_gmt":"2023-04-19T18:07:47","slug":"audreye","status":"publish","type":"product","link":"https:\/\/stanijamaricic.com\/en\/shop\/audreye\/","title":{"rendered":"Audrey"},"content":{"rendered":"<p>Atemberaubendes Kleid, geh\u00e4kelt mit Perlen und Pailletten, glitzernde Oberteil, ideal f\u00fcr eine romantische Strandhochzeit, Einzelst\u00fcck,Handarbeit  <\/p>","protected":false},"excerpt":{"rendered":"<p>Polyacril 100%, machine wash, 20\u00b0C<\/p>","protected":false},"featured_media":2222,"comment_status":"open","ping_status":"closed","template":"","meta":[],"product_brand":[],"product_cat":[241],"product_tag":[261,142],"class_list":{"0":"post-2163","1":"product","2":"type-product","3":"status-publish","4":"has-post-thumbnail","6":"product_cat-hochzeitskleid","7":"product_tag-braut-abendkleid","8":"product_tag-gehaekelte-spitze","10":"first","11":"instock","12":"sale","13":"taxable","14":"shipping-taxable","15":"purchasable","16":"product-type-simple"},"_links":{"self":[{"href":"https:\/\/stanijamaricic.com\/en\/wp-json\/wp\/v2\/product\/2163","targetHints":{"allow":["GET"]}}],"collection":[{"href":"https:\/\/stanijamaricic.com\/en\/wp-json\/wp\/v2\/product"}],"about":[{"href":"https:\/\/stanijamaricic.com\/en\/wp-json\/wp\/v2\/types\/product"}],"replies":[{"embeddable":true,"href":"https:\/\/stanijamaricic.com\/en\/wp-json\/wp\/v2\/comments?post=2163"}],"wp:featuredmedia":[{"embeddable":true,"href":"https:\/\/stanijamaricic.com\/en\/wp-json\/wp\/v2\/media\/2222"}],"wp:attachment":[{"href":"https:\/\/stanijamaricic.com\/en\/wp-json\/wp\/v2\/media?parent=2163"}],"wp:term":[{"taxonomy":"product_brand","embeddable":true,"href":"https:\/\/stanijamaricic.com\/en\/wp-json\/wp\/v2\/product_brand?post=2163"},{"taxonomy":"product_cat","embeddable":true,"href":"https:\/\/stanijamaricic.com\/en\/wp-json\/wp\/v2\/product_cat?post=2163"},{"taxonomy":"product_tag","embeddable":true,"href":"https:\/\/stanijamaricic.com\/en\/wp-json\/wp\/v2\/product_tag?post=2163"}],"curies":[{"name":"wp","href":"https:\/\/api.w.org\/{rel}","templated":true}]}}