{"id":2165,"date":"2022-03-06T15:35:05","date_gmt":"2022-03-06T15:35:05","guid":{"rendered":"https:\/\/stanijamaricic.com\/?post_type=product&#038;p=2165"},"modified":"2023-04-19T18:08:37","modified_gmt":"2023-04-19T18:08:37","slug":"jadye","status":"publish","type":"product","link":"https:\/\/stanijamaricic.com\/en\/shop\/jadye\/","title":{"rendered":"Jadye"},"content":{"rendered":"<p>Der Look ist faszinierend sch\u00f6n, romantisches Boh\u00e9me- Stil, Geh\u00e4kelt &#038;Richelieu-Stickerei, Handwerk mit Tradition, Einzelst\u00fcck <\/p>","protected":false},"excerpt":{"rendered":"<p>Cotton 86%, Polyacrylic 10%, Elastane 4%<\/p>","protected":false},"featured_media":6452,"comment_status":"open","ping_status":"closed","template":"","meta":[],"product_brand":[],"product_cat":[241],"product_tag":[261,142],"class_list":{"0":"post-2165","1":"product","2":"type-product","3":"status-publish","4":"has-post-thumbnail","6":"product_cat-hochzeitskleid","7":"product_tag-braut-abendkleid","8":"product_tag-gehaekelte-spitze","10":"first","11":"instock","12":"sale","13":"taxable","14":"shipping-taxable","15":"purchasable","16":"product-type-simple"},"_links":{"self":[{"href":"https:\/\/stanijamaricic.com\/en\/wp-json\/wp\/v2\/product\/2165","targetHints":{"allow":["GET"]}}],"collection":[{"href":"https:\/\/stanijamaricic.com\/en\/wp-json\/wp\/v2\/product"}],"about":[{"href":"https:\/\/stanijamaricic.com\/en\/wp-json\/wp\/v2\/types\/product"}],"replies":[{"embeddable":true,"href":"https:\/\/stanijamaricic.com\/en\/wp-json\/wp\/v2\/comments?post=2165"}],"wp:featuredmedia":[{"embeddable":true,"href":"https:\/\/stanijamaricic.com\/en\/wp-json\/wp\/v2\/media\/6452"}],"wp:attachment":[{"href":"https:\/\/stanijamaricic.com\/en\/wp-json\/wp\/v2\/media?parent=2165"}],"wp:term":[{"taxonomy":"product_brand","embeddable":true,"href":"https:\/\/stanijamaricic.com\/en\/wp-json\/wp\/v2\/product_brand?post=2165"},{"taxonomy":"product_cat","embeddable":true,"href":"https:\/\/stanijamaricic.com\/en\/wp-json\/wp\/v2\/product_cat?post=2165"},{"taxonomy":"product_tag","embeddable":true,"href":"https:\/\/stanijamaricic.com\/en\/wp-json\/wp\/v2\/product_tag?post=2165"}],"curies":[{"name":"wp","href":"https:\/\/api.w.org\/{rel}","templated":true}]}}