{"id":3550,"date":"2022-03-17T21:25:58","date_gmt":"2022-03-17T21:25:58","guid":{"rendered":"https:\/\/stanijamaricic.com\/?post_type=product&#038;p=3550"},"modified":"2023-04-19T08:46:40","modified_gmt":"2023-04-19T08:46:40","slug":"alivia","status":"publish","type":"product","link":"https:\/\/stanijamaricic.com\/en\/shop\/alivia\/","title":{"rendered":"Alivia"},"content":{"rendered":"<p>Tunika gehek\u00e4lt in Spinnennetz &#8211; Optik, sehr sch\u00f6n \u00fcber dem Bikini<\/p>","protected":false},"excerpt":{"rendered":"<p>Cotton, 100%, machine wash, 20\u00b0C<\/p>","protected":false},"featured_media":3610,"comment_status":"open","ping_status":"closed","template":"","meta":[],"product_brand":[],"product_cat":[69],"product_tag":[104,123,164,103,106],"class_list":{"0":"post-3550","1":"product","2":"type-product","3":"status-publish","4":"has-post-thumbnail","6":"product_cat-tunika","7":"product_tag-gehakelt","8":"product_tag-romantisch","9":"product_tag-transparent","10":"product_tag-tunika","11":"product_tag-unikat","13":"first","14":"instock","15":"sale","16":"taxable","17":"shipping-taxable","18":"purchasable","19":"product-type-simple"},"_links":{"self":[{"href":"https:\/\/stanijamaricic.com\/en\/wp-json\/wp\/v2\/product\/3550","targetHints":{"allow":["GET"]}}],"collection":[{"href":"https:\/\/stanijamaricic.com\/en\/wp-json\/wp\/v2\/product"}],"about":[{"href":"https:\/\/stanijamaricic.com\/en\/wp-json\/wp\/v2\/types\/product"}],"replies":[{"embeddable":true,"href":"https:\/\/stanijamaricic.com\/en\/wp-json\/wp\/v2\/comments?post=3550"}],"wp:featuredmedia":[{"embeddable":true,"href":"https:\/\/stanijamaricic.com\/en\/wp-json\/wp\/v2\/media\/3610"}],"wp:attachment":[{"href":"https:\/\/stanijamaricic.com\/en\/wp-json\/wp\/v2\/media?parent=3550"}],"wp:term":[{"taxonomy":"product_brand","embeddable":true,"href":"https:\/\/stanijamaricic.com\/en\/wp-json\/wp\/v2\/product_brand?post=3550"},{"taxonomy":"product_cat","embeddable":true,"href":"https:\/\/stanijamaricic.com\/en\/wp-json\/wp\/v2\/product_cat?post=3550"},{"taxonomy":"product_tag","embeddable":true,"href":"https:\/\/stanijamaricic.com\/en\/wp-json\/wp\/v2\/product_tag?post=3550"}],"curies":[{"name":"wp","href":"https:\/\/api.w.org\/{rel}","templated":true}]}}