{"id":5210,"date":"2022-04-10T20:57:27","date_gmt":"2022-04-10T20:57:27","guid":{"rendered":"https:\/\/stanijamaricic.com\/?post_type=product&#038;p=5210"},"modified":"2023-04-18T10:59:20","modified_gmt":"2023-04-18T10:59:20","slug":"wensa","status":"publish","type":"product","link":"https:\/\/stanijamaricic.com\/en\/shop\/wensa\/","title":{"rendered":"Wensa"},"content":{"rendered":"<p>Geh\u00e4kelte Pulover, Geh\u00e4kelt, Unikat, Spinnennetz-Optik, City Mode, Einzelst\u00fcck, Handarbeit<\/p>","protected":false},"excerpt":{"rendered":"<p>LanaVergine,58,Polyamide42, Hand wash<\/p>","protected":false},"featured_media":5756,"comment_status":"open","ping_status":"closed","template":"","meta":[],"product_brand":[],"product_cat":[97],"product_tag":[356,362],"class_list":{"0":"post-5210","1":"product","2":"type-product","3":"status-publish","4":"has-post-thumbnail","6":"product_cat-pullover","7":"product_tag-city-mode","8":"product_tag-gehaekelte-pulover","10":"first","11":"instock","12":"sale","13":"taxable","14":"shipping-taxable","15":"purchasable","16":"product-type-simple"},"_links":{"self":[{"href":"https:\/\/stanijamaricic.com\/en\/wp-json\/wp\/v2\/product\/5210","targetHints":{"allow":["GET"]}}],"collection":[{"href":"https:\/\/stanijamaricic.com\/en\/wp-json\/wp\/v2\/product"}],"about":[{"href":"https:\/\/stanijamaricic.com\/en\/wp-json\/wp\/v2\/types\/product"}],"replies":[{"embeddable":true,"href":"https:\/\/stanijamaricic.com\/en\/wp-json\/wp\/v2\/comments?post=5210"}],"wp:featuredmedia":[{"embeddable":true,"href":"https:\/\/stanijamaricic.com\/en\/wp-json\/wp\/v2\/media\/5756"}],"wp:attachment":[{"href":"https:\/\/stanijamaricic.com\/en\/wp-json\/wp\/v2\/media?parent=5210"}],"wp:term":[{"taxonomy":"product_brand","embeddable":true,"href":"https:\/\/stanijamaricic.com\/en\/wp-json\/wp\/v2\/product_brand?post=5210"},{"taxonomy":"product_cat","embeddable":true,"href":"https:\/\/stanijamaricic.com\/en\/wp-json\/wp\/v2\/product_cat?post=5210"},{"taxonomy":"product_tag","embeddable":true,"href":"https:\/\/stanijamaricic.com\/en\/wp-json\/wp\/v2\/product_tag?post=5210"}],"curies":[{"name":"wp","href":"https:\/\/api.w.org\/{rel}","templated":true}]}}