{"id":5220,"date":"2022-04-10T20:57:27","date_gmt":"2022-04-10T20:57:27","guid":{"rendered":"https:\/\/stanijamaricic.com\/?post_type=product&#038;p=5220"},"modified":"2023-02-22T19:11:11","modified_gmt":"2023-02-22T19:11:11","slug":"ada","status":"publish","type":"product","link":"https:\/\/stanijamaricic.com\/en\/shop\/ada\/","title":{"rendered":"Ada"},"content":{"rendered":"<p>Tunika \/ Minikleid, Einzelst\u00fcck, Bademode, Retro-Look, Handgef\u00e4rtigt, aus Elastischen Stoff, Schweizer Spitze und geh\u00e4kelt<\/p>","protected":false},"excerpt":{"rendered":"<p>Cotton, 80%,Acryl20%, Wash at 30\u00b0C<\/p>","protected":false},"featured_media":5733,"comment_status":"open","ping_status":"closed","template":"","meta":[],"product_brand":[],"product_cat":[71],"product_tag":[104,301,123],"class_list":{"0":"post-5220","1":"product","2":"type-product","3":"status-publish","4":"has-post-thumbnail","6":"product_cat-minikleid","7":"product_tag-gehakelt","8":"product_tag-minikleid","9":"product_tag-romantisch","11":"first","12":"instock","13":"sale","14":"taxable","15":"shipping-taxable","16":"purchasable","17":"product-type-simple"},"_links":{"self":[{"href":"https:\/\/stanijamaricic.com\/en\/wp-json\/wp\/v2\/product\/5220","targetHints":{"allow":["GET"]}}],"collection":[{"href":"https:\/\/stanijamaricic.com\/en\/wp-json\/wp\/v2\/product"}],"about":[{"href":"https:\/\/stanijamaricic.com\/en\/wp-json\/wp\/v2\/types\/product"}],"replies":[{"embeddable":true,"href":"https:\/\/stanijamaricic.com\/en\/wp-json\/wp\/v2\/comments?post=5220"}],"wp:featuredmedia":[{"embeddable":true,"href":"https:\/\/stanijamaricic.com\/en\/wp-json\/wp\/v2\/media\/5733"}],"wp:attachment":[{"href":"https:\/\/stanijamaricic.com\/en\/wp-json\/wp\/v2\/media?parent=5220"}],"wp:term":[{"taxonomy":"product_brand","embeddable":true,"href":"https:\/\/stanijamaricic.com\/en\/wp-json\/wp\/v2\/product_brand?post=5220"},{"taxonomy":"product_cat","embeddable":true,"href":"https:\/\/stanijamaricic.com\/en\/wp-json\/wp\/v2\/product_cat?post=5220"},{"taxonomy":"product_tag","embeddable":true,"href":"https:\/\/stanijamaricic.com\/en\/wp-json\/wp\/v2\/product_tag?post=5220"}],"curies":[{"name":"wp","href":"https:\/\/api.w.org\/{rel}","templated":true}]}}