{"id":5235,"date":"2022-04-10T20:57:29","date_gmt":"2022-04-10T20:57:29","guid":{"rendered":"https:\/\/stanijamaricic.com\/?post_type=product&#038;p=5235"},"modified":"2023-02-22T16:20:54","modified_gmt":"2023-02-22T16:20:54","slug":"remi","status":"publish","type":"product","link":"https:\/\/stanijamaricic.com\/en\/shop\/remi\/","title":{"rendered":"Remi"},"content":{"rendered":"<p>Tunika\/Minikleid, Einzelst\u00fcck, Handarbeit, Geh\u00e4kel, Bademode, Ideal f\u00fcr den Strand<\/p>","protected":false},"excerpt":{"rendered":"<p>Coton 64%, Viscose 36%, wash at 20\u00b0C<\/p>","protected":false},"featured_media":5690,"comment_status":"open","ping_status":"closed","template":"","meta":[],"product_brand":[],"product_cat":[69],"product_tag":[104,272,103],"class_list":{"0":"post-5235","1":"product","2":"type-product","3":"status-publish","4":"has-post-thumbnail","6":"product_cat-tunika","7":"product_tag-gehakelt","8":"product_tag-retro-look","9":"product_tag-tunika","11":"first","12":"instock","13":"sale","14":"taxable","15":"shipping-taxable","16":"purchasable","17":"product-type-simple"},"_links":{"self":[{"href":"https:\/\/stanijamaricic.com\/en\/wp-json\/wp\/v2\/product\/5235","targetHints":{"allow":["GET"]}}],"collection":[{"href":"https:\/\/stanijamaricic.com\/en\/wp-json\/wp\/v2\/product"}],"about":[{"href":"https:\/\/stanijamaricic.com\/en\/wp-json\/wp\/v2\/types\/product"}],"replies":[{"embeddable":true,"href":"https:\/\/stanijamaricic.com\/en\/wp-json\/wp\/v2\/comments?post=5235"}],"wp:featuredmedia":[{"embeddable":true,"href":"https:\/\/stanijamaricic.com\/en\/wp-json\/wp\/v2\/media\/5690"}],"wp:attachment":[{"href":"https:\/\/stanijamaricic.com\/en\/wp-json\/wp\/v2\/media?parent=5235"}],"wp:term":[{"taxonomy":"product_brand","embeddable":true,"href":"https:\/\/stanijamaricic.com\/en\/wp-json\/wp\/v2\/product_brand?post=5235"},{"taxonomy":"product_cat","embeddable":true,"href":"https:\/\/stanijamaricic.com\/en\/wp-json\/wp\/v2\/product_cat?post=5235"},{"taxonomy":"product_tag","embeddable":true,"href":"https:\/\/stanijamaricic.com\/en\/wp-json\/wp\/v2\/product_tag?post=5235"}],"curies":[{"name":"wp","href":"https:\/\/api.w.org\/{rel}","templated":true}]}}