{"id":5238,"date":"2022-04-10T20:57:29","date_gmt":"2022-04-10T20:57:29","guid":{"rendered":"https:\/\/stanijamaricic.com\/?post_type=product&#038;p=5238"},"modified":"2023-02-22T16:00:31","modified_gmt":"2023-02-22T16:00:31","slug":"julia","status":"publish","type":"product","link":"https:\/\/stanijamaricic.com\/en\/shop\/julia\/","title":{"rendered":"Julia"},"content":{"rendered":"<p>Tunika\/Minikleid, Einzelst\u00fcck, Handarbeit aus Macram\u00e9spitze und geh\u00e4kelt, in diesem wundersch\u00f6nen Kleid wirst du garantiert im Mittelpunkt stehen<\/p>","protected":false},"excerpt":{"rendered":"<p>Cotton,100%,Machine wash at 40\u00b0C<\/p>","protected":false},"featured_media":5679,"comment_status":"open","ping_status":"closed","template":"","meta":[],"product_brand":[],"product_cat":[69],"product_tag":[123,368],"class_list":{"0":"post-5238","1":"product","2":"type-product","3":"status-publish","4":"has-post-thumbnail","6":"product_cat-tunika","7":"product_tag-romantisch","8":"product_tag-tunika-macrame","10":"first","11":"instock","12":"sale","13":"taxable","14":"shipping-taxable","15":"purchasable","16":"product-type-simple"},"_links":{"self":[{"href":"https:\/\/stanijamaricic.com\/en\/wp-json\/wp\/v2\/product\/5238","targetHints":{"allow":["GET"]}}],"collection":[{"href":"https:\/\/stanijamaricic.com\/en\/wp-json\/wp\/v2\/product"}],"about":[{"href":"https:\/\/stanijamaricic.com\/en\/wp-json\/wp\/v2\/types\/product"}],"replies":[{"embeddable":true,"href":"https:\/\/stanijamaricic.com\/en\/wp-json\/wp\/v2\/comments?post=5238"}],"wp:featuredmedia":[{"embeddable":true,"href":"https:\/\/stanijamaricic.com\/en\/wp-json\/wp\/v2\/media\/5679"}],"wp:attachment":[{"href":"https:\/\/stanijamaricic.com\/en\/wp-json\/wp\/v2\/media?parent=5238"}],"wp:term":[{"taxonomy":"product_brand","embeddable":true,"href":"https:\/\/stanijamaricic.com\/en\/wp-json\/wp\/v2\/product_brand?post=5238"},{"taxonomy":"product_cat","embeddable":true,"href":"https:\/\/stanijamaricic.com\/en\/wp-json\/wp\/v2\/product_cat?post=5238"},{"taxonomy":"product_tag","embeddable":true,"href":"https:\/\/stanijamaricic.com\/en\/wp-json\/wp\/v2\/product_tag?post=5238"}],"curies":[{"name":"wp","href":"https:\/\/api.w.org\/{rel}","templated":true}]}}