{"id":5252,"date":"2022-04-10T20:57:30","date_gmt":"2022-04-10T20:57:30","guid":{"rendered":"https:\/\/stanijamaricic.com\/?post_type=product&#038;p=5252"},"modified":"2023-02-27T15:21:48","modified_gmt":"2023-02-27T15:21:48","slug":"willow","status":"publish","type":"product","link":"https:\/\/stanijamaricic.com\/en\/shop\/willow\/","title":{"rendered":"Willow"},"content":{"rendered":"<p>Minikleid, Tunika Einzelst\u00fcck, geh\u00e4kelt und aus Schweizerspitze gemacht, Willst du deinem Schatz verf\u00fchren? Mit diesem Kleid ist der Erfolg garantiert.<\/p>","protected":false},"excerpt":{"rendered":"<p>Cotton 64%,Viscose 36% Wash at 20\u00b0C<\/p>","protected":false},"featured_media":5636,"comment_status":"open","ping_status":"closed","template":"","meta":[],"product_brand":[],"product_cat":[71],"product_tag":[104,123,366],"class_list":{"0":"post-5252","1":"product","2":"type-product","3":"status-publish","4":"has-post-thumbnail","6":"product_cat-minikleid","7":"product_tag-gehakelt","8":"product_tag-romantisch","9":"product_tag-tunika-kleid","11":"first","12":"instock","13":"sale","14":"taxable","15":"shipping-taxable","16":"purchasable","17":"product-type-simple"},"_links":{"self":[{"href":"https:\/\/stanijamaricic.com\/en\/wp-json\/wp\/v2\/product\/5252","targetHints":{"allow":["GET"]}}],"collection":[{"href":"https:\/\/stanijamaricic.com\/en\/wp-json\/wp\/v2\/product"}],"about":[{"href":"https:\/\/stanijamaricic.com\/en\/wp-json\/wp\/v2\/types\/product"}],"replies":[{"embeddable":true,"href":"https:\/\/stanijamaricic.com\/en\/wp-json\/wp\/v2\/comments?post=5252"}],"wp:featuredmedia":[{"embeddable":true,"href":"https:\/\/stanijamaricic.com\/en\/wp-json\/wp\/v2\/media\/5636"}],"wp:attachment":[{"href":"https:\/\/stanijamaricic.com\/en\/wp-json\/wp\/v2\/media?parent=5252"}],"wp:term":[{"taxonomy":"product_brand","embeddable":true,"href":"https:\/\/stanijamaricic.com\/en\/wp-json\/wp\/v2\/product_brand?post=5252"},{"taxonomy":"product_cat","embeddable":true,"href":"https:\/\/stanijamaricic.com\/en\/wp-json\/wp\/v2\/product_cat?post=5252"},{"taxonomy":"product_tag","embeddable":true,"href":"https:\/\/stanijamaricic.com\/en\/wp-json\/wp\/v2\/product_tag?post=5252"}],"curies":[{"name":"wp","href":"https:\/\/api.w.org\/{rel}","templated":true}]}}