{"id":5255,"date":"2022-04-10T20:57:30","date_gmt":"2022-04-10T20:57:30","guid":{"rendered":"https:\/\/stanijamaricic.com\/?post_type=product&#038;p=5255"},"modified":"2023-02-22T15:04:22","modified_gmt":"2023-02-22T15:04:22","slug":"miley","status":"publish","type":"product","link":"https:\/\/stanijamaricic.com\/en\/shop\/miley\/","title":{"rendered":"Miley"},"content":{"rendered":"<p>Minikleid, Einzelst\u00fcck, Geh\u00e4kelt, Romantisch, Handarbeit, Wundersch\u00f6nes Kleid f\u00fcr den Sommer<\/p>","protected":false},"excerpt":{"rendered":"<p>Cotton 100%, machine wash 40\u00b0C<\/p>","protected":false},"featured_media":5626,"comment_status":"open","ping_status":"closed","template":"","meta":[],"product_brand":[],"product_cat":[71],"product_tag":[329,369],"class_list":{"0":"post-5255","1":"product","2":"type-product","3":"status-publish","4":"has-post-thumbnail","6":"product_cat-minikleid","7":"product_tag-tunika-minikleid","8":"product_tag-vintag-look","10":"first","11":"instock","12":"sale","13":"taxable","14":"shipping-taxable","15":"purchasable","16":"product-type-simple"},"_links":{"self":[{"href":"https:\/\/stanijamaricic.com\/en\/wp-json\/wp\/v2\/product\/5255","targetHints":{"allow":["GET"]}}],"collection":[{"href":"https:\/\/stanijamaricic.com\/en\/wp-json\/wp\/v2\/product"}],"about":[{"href":"https:\/\/stanijamaricic.com\/en\/wp-json\/wp\/v2\/types\/product"}],"replies":[{"embeddable":true,"href":"https:\/\/stanijamaricic.com\/en\/wp-json\/wp\/v2\/comments?post=5255"}],"wp:featuredmedia":[{"embeddable":true,"href":"https:\/\/stanijamaricic.com\/en\/wp-json\/wp\/v2\/media\/5626"}],"wp:attachment":[{"href":"https:\/\/stanijamaricic.com\/en\/wp-json\/wp\/v2\/media?parent=5255"}],"wp:term":[{"taxonomy":"product_brand","embeddable":true,"href":"https:\/\/stanijamaricic.com\/en\/wp-json\/wp\/v2\/product_brand?post=5255"},{"taxonomy":"product_cat","embeddable":true,"href":"https:\/\/stanijamaricic.com\/en\/wp-json\/wp\/v2\/product_cat?post=5255"},{"taxonomy":"product_tag","embeddable":true,"href":"https:\/\/stanijamaricic.com\/en\/wp-json\/wp\/v2\/product_tag?post=5255"}],"curies":[{"name":"wp","href":"https:\/\/api.w.org\/{rel}","templated":true}]}}