{"id":5262,"date":"2022-04-10T20:57:31","date_gmt":"2022-04-10T20:57:31","guid":{"rendered":"https:\/\/stanijamaricic.com\/?post_type=product&#038;p=5262"},"modified":"2023-02-26T11:29:35","modified_gmt":"2023-02-26T11:29:35","slug":"isabela","status":"publish","type":"product","link":"https:\/\/stanijamaricic.com\/en\/shop\/isabela\/","title":{"rendered":"Isabella"},"content":{"rendered":"<p>Tunika\/Minikleid, Einzelst\u00fcck, bi Romantische Kleid geh\u00e4klet &#038; Richelieuspitze Etwas Besonderes f\u00fcr deine Sommergarderobe<\/p>","protected":false},"excerpt":{"rendered":"<p>Cotton 100%, machine wash 40\u00b0C<\/p>","protected":false},"featured_media":5606,"comment_status":"open","ping_status":"closed","template":"","meta":[],"product_brand":[],"product_cat":[69],"product_tag":[366,135],"class_list":{"0":"post-5262","1":"product","2":"type-product","3":"status-publish","4":"has-post-thumbnail","6":"product_cat-tunika","7":"product_tag-tunika-kleid","8":"product_tag-vintage-look","10":"first","11":"instock","12":"sale","13":"taxable","14":"shipping-taxable","15":"purchasable","16":"product-type-simple"},"_links":{"self":[{"href":"https:\/\/stanijamaricic.com\/en\/wp-json\/wp\/v2\/product\/5262","targetHints":{"allow":["GET"]}}],"collection":[{"href":"https:\/\/stanijamaricic.com\/en\/wp-json\/wp\/v2\/product"}],"about":[{"href":"https:\/\/stanijamaricic.com\/en\/wp-json\/wp\/v2\/types\/product"}],"replies":[{"embeddable":true,"href":"https:\/\/stanijamaricic.com\/en\/wp-json\/wp\/v2\/comments?post=5262"}],"wp:featuredmedia":[{"embeddable":true,"href":"https:\/\/stanijamaricic.com\/en\/wp-json\/wp\/v2\/media\/5606"}],"wp:attachment":[{"href":"https:\/\/stanijamaricic.com\/en\/wp-json\/wp\/v2\/media?parent=5262"}],"wp:term":[{"taxonomy":"product_brand","embeddable":true,"href":"https:\/\/stanijamaricic.com\/en\/wp-json\/wp\/v2\/product_brand?post=5262"},{"taxonomy":"product_cat","embeddable":true,"href":"https:\/\/stanijamaricic.com\/en\/wp-json\/wp\/v2\/product_cat?post=5262"},{"taxonomy":"product_tag","embeddable":true,"href":"https:\/\/stanijamaricic.com\/en\/wp-json\/wp\/v2\/product_tag?post=5262"}],"curies":[{"name":"wp","href":"https:\/\/api.w.org\/{rel}","templated":true}]}}