{"id":5290,"date":"2022-04-10T20:57:33","date_gmt":"2022-04-10T20:57:33","guid":{"rendered":"https:\/\/stanijamaricic.com\/?post_type=product&#038;p=5290"},"modified":"2023-02-25T20:02:48","modified_gmt":"2023-02-25T20:02:48","slug":"hannah","status":"publish","type":"product","link":"https:\/\/stanijamaricic.com\/en\/shop\/hannah\/","title":{"rendered":"Hanahe"},"content":{"rendered":"<p>Tunika, Minikleid, Einzelst\u00fcck, Handarbeit, Geh\u00e4kelt, Bademode, Hochzeitskleid, Citimode, Boho-Style, Etwas besonderes f\u00fcr heisse N\u00f6chte am Strand und in Ihrer Sommergarderobe<\/p>","protected":false},"excerpt":{"rendered":"<p>Cotton 60%, Acrylic 40%, Hand wash<\/p>","protected":false},"featured_media":5507,"comment_status":"open","ping_status":"closed","template":"","meta":[],"product_brand":[],"product_cat":[71],"product_tag":[104,375,103],"class_list":{"0":"post-5290","1":"product","2":"type-product","3":"status-publish","4":"has-post-thumbnail","6":"product_cat-minikleid","7":"product_tag-gehakelt","8":"product_tag-strandkleid","9":"product_tag-tunika","11":"first","12":"instock","13":"sale","14":"taxable","15":"shipping-taxable","16":"purchasable","17":"product-type-simple"},"_links":{"self":[{"href":"https:\/\/stanijamaricic.com\/en\/wp-json\/wp\/v2\/product\/5290","targetHints":{"allow":["GET"]}}],"collection":[{"href":"https:\/\/stanijamaricic.com\/en\/wp-json\/wp\/v2\/product"}],"about":[{"href":"https:\/\/stanijamaricic.com\/en\/wp-json\/wp\/v2\/types\/product"}],"replies":[{"embeddable":true,"href":"https:\/\/stanijamaricic.com\/en\/wp-json\/wp\/v2\/comments?post=5290"}],"wp:featuredmedia":[{"embeddable":true,"href":"https:\/\/stanijamaricic.com\/en\/wp-json\/wp\/v2\/media\/5507"}],"wp:attachment":[{"href":"https:\/\/stanijamaricic.com\/en\/wp-json\/wp\/v2\/media?parent=5290"}],"wp:term":[{"taxonomy":"product_brand","embeddable":true,"href":"https:\/\/stanijamaricic.com\/en\/wp-json\/wp\/v2\/product_brand?post=5290"},{"taxonomy":"product_cat","embeddable":true,"href":"https:\/\/stanijamaricic.com\/en\/wp-json\/wp\/v2\/product_cat?post=5290"},{"taxonomy":"product_tag","embeddable":true,"href":"https:\/\/stanijamaricic.com\/en\/wp-json\/wp\/v2\/product_tag?post=5290"}],"curies":[{"name":"wp","href":"https:\/\/api.w.org\/{rel}","templated":true}]}}