{"id":5299,"date":"2022-04-10T20:57:34","date_gmt":"2022-04-10T20:57:34","guid":{"rendered":"https:\/\/stanijamaricic.com\/?post_type=product&#038;p=5299"},"modified":"2023-02-25T19:49:52","modified_gmt":"2023-02-25T19:49:52","slug":"vannesa","status":"publish","type":"product","link":"https:\/\/stanijamaricic.com\/en\/shop\/vannesa\/","title":{"rendered":"Vannesa"},"content":{"rendered":"<p>Tunika\/Minikleid, Unikat, Vintage-Look, Handarbeit kombi. Stoff und geh\u00e4kelte Spitze mit aufw\u00e4ndige Richelieu technik gef\u00e4rtigt.<\/p>","protected":false},"excerpt":{"rendered":"<p>80%Coton, 20%Polyamide, wash at 40\u00b0C<\/p>","protected":false},"featured_media":5481,"comment_status":"open","ping_status":"closed","template":"","meta":[],"product_brand":[],"product_cat":[71],"product_tag":[104,301,135],"class_list":{"0":"post-5299","1":"product","2":"type-product","3":"status-publish","4":"has-post-thumbnail","6":"product_cat-minikleid","7":"product_tag-gehakelt","8":"product_tag-minikleid","9":"product_tag-vintage-look","11":"first","12":"instock","13":"sale","14":"taxable","15":"shipping-taxable","16":"purchasable","17":"product-type-simple"},"_links":{"self":[{"href":"https:\/\/stanijamaricic.com\/en\/wp-json\/wp\/v2\/product\/5299","targetHints":{"allow":["GET"]}}],"collection":[{"href":"https:\/\/stanijamaricic.com\/en\/wp-json\/wp\/v2\/product"}],"about":[{"href":"https:\/\/stanijamaricic.com\/en\/wp-json\/wp\/v2\/types\/product"}],"replies":[{"embeddable":true,"href":"https:\/\/stanijamaricic.com\/en\/wp-json\/wp\/v2\/comments?post=5299"}],"wp:featuredmedia":[{"embeddable":true,"href":"https:\/\/stanijamaricic.com\/en\/wp-json\/wp\/v2\/media\/5481"}],"wp:attachment":[{"href":"https:\/\/stanijamaricic.com\/en\/wp-json\/wp\/v2\/media?parent=5299"}],"wp:term":[{"taxonomy":"product_brand","embeddable":true,"href":"https:\/\/stanijamaricic.com\/en\/wp-json\/wp\/v2\/product_brand?post=5299"},{"taxonomy":"product_cat","embeddable":true,"href":"https:\/\/stanijamaricic.com\/en\/wp-json\/wp\/v2\/product_cat?post=5299"},{"taxonomy":"product_tag","embeddable":true,"href":"https:\/\/stanijamaricic.com\/en\/wp-json\/wp\/v2\/product_tag?post=5299"}],"curies":[{"name":"wp","href":"https:\/\/api.w.org\/{rel}","templated":true}]}}