{"id":5307,"date":"2022-04-10T20:57:35","date_gmt":"2022-04-10T20:57:35","guid":{"rendered":"https:\/\/stanijamaricic.com\/?post_type=product&#038;p=5307"},"modified":"2023-02-25T18:06:02","modified_gmt":"2023-02-25T18:06:02","slug":"charlott","status":"publish","type":"product","link":"https:\/\/stanijamaricic.com\/en\/shop\/charlott\/","title":{"rendered":"Charlotte"},"content":{"rendered":"<p>Tunika, mit viel liebe gemacht geh\u00e4kelt und Makramee Spitze, verf\u00fchrerische Kleidchen f\u00fcr den Strand, Einzelst\u00fcck, Handarbeit<\/p>","protected":false},"excerpt":{"rendered":"<p>Cotton 64%,Viscose36%, Wash at 40\u00b0C<\/p>","protected":false},"featured_media":5463,"comment_status":"open","ping_status":"closed","template":"","meta":[],"product_brand":[],"product_cat":[71],"product_tag":[375,103,135],"class_list":{"0":"post-5307","1":"product","2":"type-product","3":"status-publish","4":"has-post-thumbnail","6":"product_cat-minikleid","7":"product_tag-strandkleid","8":"product_tag-tunika","9":"product_tag-vintage-look","11":"first","12":"instock","13":"sale","14":"taxable","15":"shipping-taxable","16":"purchasable","17":"product-type-simple"},"_links":{"self":[{"href":"https:\/\/stanijamaricic.com\/en\/wp-json\/wp\/v2\/product\/5307","targetHints":{"allow":["GET"]}}],"collection":[{"href":"https:\/\/stanijamaricic.com\/en\/wp-json\/wp\/v2\/product"}],"about":[{"href":"https:\/\/stanijamaricic.com\/en\/wp-json\/wp\/v2\/types\/product"}],"replies":[{"embeddable":true,"href":"https:\/\/stanijamaricic.com\/en\/wp-json\/wp\/v2\/comments?post=5307"}],"wp:featuredmedia":[{"embeddable":true,"href":"https:\/\/stanijamaricic.com\/en\/wp-json\/wp\/v2\/media\/5463"}],"wp:attachment":[{"href":"https:\/\/stanijamaricic.com\/en\/wp-json\/wp\/v2\/media?parent=5307"}],"wp:term":[{"taxonomy":"product_brand","embeddable":true,"href":"https:\/\/stanijamaricic.com\/en\/wp-json\/wp\/v2\/product_brand?post=5307"},{"taxonomy":"product_cat","embeddable":true,"href":"https:\/\/stanijamaricic.com\/en\/wp-json\/wp\/v2\/product_cat?post=5307"},{"taxonomy":"product_tag","embeddable":true,"href":"https:\/\/stanijamaricic.com\/en\/wp-json\/wp\/v2\/product_tag?post=5307"}],"curies":[{"name":"wp","href":"https:\/\/api.w.org\/{rel}","templated":true}]}}