{"id":5336,"date":"2022-04-10T20:57:37","date_gmt":"2022-04-10T20:57:37","guid":{"rendered":"https:\/\/stanijamaricic.com\/?post_type=product&#038;p=5336"},"modified":"2023-02-25T14:45:07","modified_gmt":"2023-02-25T14:45:07","slug":"bella","status":"publish","type":"product","link":"https:\/\/stanijamaricic.com\/en\/shop\/bella\/","title":{"rendered":"Bella"},"content":{"rendered":"<p>Feminine Silhouette, die bewundernde Blicke geh\u00f6ren dir, Boho-Style, Minikleid Handgefertigt mit aufw\u00e4ndige Spitze, Einzelst\u00fcck<\/p>","protected":false},"excerpt":{"rendered":"<p>Cotton 100%, machine wash at 40\u00b0C<\/p>","protected":false},"featured_media":5386,"comment_status":"open","ping_status":"closed","template":"","meta":[],"product_brand":[],"product_cat":[71],"product_tag":[387,158,103],"class_list":{"0":"post-5336","1":"product","2":"type-product","3":"status-publish","4":"has-post-thumbnail","6":"product_cat-minikleid","7":"product_tag-gehaekelte-macrame-spitze","8":"product_tag-stretch","9":"product_tag-tunika","11":"first","12":"instock","13":"sale","14":"taxable","15":"shipping-taxable","16":"purchasable","17":"product-type-simple"},"_links":{"self":[{"href":"https:\/\/stanijamaricic.com\/en\/wp-json\/wp\/v2\/product\/5336","targetHints":{"allow":["GET"]}}],"collection":[{"href":"https:\/\/stanijamaricic.com\/en\/wp-json\/wp\/v2\/product"}],"about":[{"href":"https:\/\/stanijamaricic.com\/en\/wp-json\/wp\/v2\/types\/product"}],"replies":[{"embeddable":true,"href":"https:\/\/stanijamaricic.com\/en\/wp-json\/wp\/v2\/comments?post=5336"}],"wp:featuredmedia":[{"embeddable":true,"href":"https:\/\/stanijamaricic.com\/en\/wp-json\/wp\/v2\/media\/5386"}],"wp:attachment":[{"href":"https:\/\/stanijamaricic.com\/en\/wp-json\/wp\/v2\/media?parent=5336"}],"wp:term":[{"taxonomy":"product_brand","embeddable":true,"href":"https:\/\/stanijamaricic.com\/en\/wp-json\/wp\/v2\/product_brand?post=5336"},{"taxonomy":"product_cat","embeddable":true,"href":"https:\/\/stanijamaricic.com\/en\/wp-json\/wp\/v2\/product_cat?post=5336"},{"taxonomy":"product_tag","embeddable":true,"href":"https:\/\/stanijamaricic.com\/en\/wp-json\/wp\/v2\/product_tag?post=5336"}],"curies":[{"name":"wp","href":"https:\/\/api.w.org\/{rel}","templated":true}]}}