{"id":5861,"date":"2022-04-25T18:04:38","date_gmt":"2022-04-25T18:04:38","guid":{"rendered":"https:\/\/stanijamaricic.com\/?post_type=product&#038;p=5861"},"modified":"2023-02-25T14:03:36","modified_gmt":"2023-02-25T14:03:36","slug":"ruperta","status":"publish","type":"product","link":"https:\/\/stanijamaricic.com\/en\/shop\/ruperta\/","title":{"rendered":"Rupert"},"content":{"rendered":"<p>Sehr sch\u00f6ne geh\u00e4kelte Jacke in Boho-Syle, Einzelst\u00fcck, Handarbeit<\/p>","protected":false},"excerpt":{"rendered":"<p>Cotton 50%, model fiber 50%, wash 30\u00b0C<\/p>","protected":false},"featured_media":6169,"comment_status":"open","ping_status":"closed","template":"","meta":[],"product_brand":[],"product_cat":[76],"product_tag":[270,104,269,123],"class_list":{"0":"post-5861","1":"product","2":"type-product","3":"status-publish","4":"has-post-thumbnail","6":"product_cat-jacke","7":"product_tag-boho-stil","8":"product_tag-gehakelt","9":"product_tag-jacke","10":"product_tag-romantisch","12":"first","13":"instock","14":"sale","15":"taxable","16":"shipping-taxable","17":"purchasable","18":"product-type-simple"},"_links":{"self":[{"href":"https:\/\/stanijamaricic.com\/en\/wp-json\/wp\/v2\/product\/5861","targetHints":{"allow":["GET"]}}],"collection":[{"href":"https:\/\/stanijamaricic.com\/en\/wp-json\/wp\/v2\/product"}],"about":[{"href":"https:\/\/stanijamaricic.com\/en\/wp-json\/wp\/v2\/types\/product"}],"replies":[{"embeddable":true,"href":"https:\/\/stanijamaricic.com\/en\/wp-json\/wp\/v2\/comments?post=5861"}],"wp:featuredmedia":[{"embeddable":true,"href":"https:\/\/stanijamaricic.com\/en\/wp-json\/wp\/v2\/media\/6169"}],"wp:attachment":[{"href":"https:\/\/stanijamaricic.com\/en\/wp-json\/wp\/v2\/media?parent=5861"}],"wp:term":[{"taxonomy":"product_brand","embeddable":true,"href":"https:\/\/stanijamaricic.com\/en\/wp-json\/wp\/v2\/product_brand?post=5861"},{"taxonomy":"product_cat","embeddable":true,"href":"https:\/\/stanijamaricic.com\/en\/wp-json\/wp\/v2\/product_cat?post=5861"},{"taxonomy":"product_tag","embeddable":true,"href":"https:\/\/stanijamaricic.com\/en\/wp-json\/wp\/v2\/product_tag?post=5861"}],"curies":[{"name":"wp","href":"https:\/\/api.w.org\/{rel}","templated":true}]}}