{"id":722,"date":"2022-02-08T22:38:31","date_gmt":"2022-02-08T22:38:31","guid":{"rendered":"https:\/\/stanijamaricic.com\/?post_type=product&#038;p=722"},"modified":"2023-02-05T20:20:32","modified_gmt":"2023-02-05T20:20:32","slug":"romilly","status":"publish","type":"product","link":"https:\/\/stanijamaricic.com\/en\/shop\/romilly\/","title":{"rendered":"Romilly"},"content":{"rendered":"<p>Top, Unikat, Romantisch, geh\u00e4kelt, Verf\u00fchrerisch, Boho-Style, Einzelst\u00fcck, Handarbeit<\/p>","protected":false},"excerpt":{"rendered":"<p>Cotton 100%, machine wash, 20\u00b0C<\/p>","protected":false},"featured_media":762,"comment_status":"open","ping_status":"closed","template":"","meta":[],"product_brand":[],"product_cat":[126],"product_tag":[121,104,123,122,106],"class_list":{"0":"post-722","1":"product","2":"type-product","3":"status-publish","4":"has-post-thumbnail","6":"product_cat-top","7":"product_tag-boho-style","8":"product_tag-gehakelt","9":"product_tag-romantisch","10":"product_tag-top","11":"product_tag-unikat","13":"first","14":"instock","15":"taxable","16":"shipping-taxable","17":"purchasable","18":"product-type-simple"},"_links":{"self":[{"href":"https:\/\/stanijamaricic.com\/en\/wp-json\/wp\/v2\/product\/722","targetHints":{"allow":["GET"]}}],"collection":[{"href":"https:\/\/stanijamaricic.com\/en\/wp-json\/wp\/v2\/product"}],"about":[{"href":"https:\/\/stanijamaricic.com\/en\/wp-json\/wp\/v2\/types\/product"}],"replies":[{"embeddable":true,"href":"https:\/\/stanijamaricic.com\/en\/wp-json\/wp\/v2\/comments?post=722"}],"wp:featuredmedia":[{"embeddable":true,"href":"https:\/\/stanijamaricic.com\/en\/wp-json\/wp\/v2\/media\/762"}],"wp:attachment":[{"href":"https:\/\/stanijamaricic.com\/en\/wp-json\/wp\/v2\/media?parent=722"}],"wp:term":[{"taxonomy":"product_brand","embeddable":true,"href":"https:\/\/stanijamaricic.com\/en\/wp-json\/wp\/v2\/product_brand?post=722"},{"taxonomy":"product_cat","embeddable":true,"href":"https:\/\/stanijamaricic.com\/en\/wp-json\/wp\/v2\/product_cat?post=722"},{"taxonomy":"product_tag","embeddable":true,"href":"https:\/\/stanijamaricic.com\/en\/wp-json\/wp\/v2\/product_tag?post=722"}],"curies":[{"name":"wp","href":"https:\/\/api.w.org\/{rel}","templated":true}]}}