{"id":835,"date":"2022-02-17T21:30:58","date_gmt":"2022-02-17T21:30:58","guid":{"rendered":"https:\/\/stanijamaricic.com\/?post_type=product&#038;p=835"},"modified":"2023-04-16T19:04:13","modified_gmt":"2023-04-16T19:04:13","slug":"renata","status":"publish","type":"product","link":"https:\/\/stanijamaricic.com\/en\/shop\/renata\/","title":{"rendered":"Marrisa"},"content":{"rendered":"<p>Glamr\u00f6s, Unikat, Badeanzug im Ethno-Design, H\u00e4kelspitzen setzen einen schm\u00fcckenden Akzent in Boho-Style.<\/p>","protected":false},"excerpt":{"rendered":"<p>Wool 10%, Cotton 90%, Hand wash<\/p>","protected":false},"featured_media":4660,"comment_status":"open","ping_status":"closed","template":"","meta":[],"product_brand":[],"product_cat":[69],"product_tag":[104,123,103,106,135],"class_list":{"0":"post-835","1":"product","2":"type-product","3":"status-publish","4":"has-post-thumbnail","6":"product_cat-tunika","7":"product_tag-gehakelt","8":"product_tag-romantisch","9":"product_tag-tunika","10":"product_tag-unikat","11":"product_tag-vintage-look","13":"first","14":"instock","15":"sale","16":"taxable","17":"shipping-taxable","18":"purchasable","19":"product-type-simple"},"_links":{"self":[{"href":"https:\/\/stanijamaricic.com\/en\/wp-json\/wp\/v2\/product\/835","targetHints":{"allow":["GET"]}}],"collection":[{"href":"https:\/\/stanijamaricic.com\/en\/wp-json\/wp\/v2\/product"}],"about":[{"href":"https:\/\/stanijamaricic.com\/en\/wp-json\/wp\/v2\/types\/product"}],"replies":[{"embeddable":true,"href":"https:\/\/stanijamaricic.com\/en\/wp-json\/wp\/v2\/comments?post=835"}],"wp:featuredmedia":[{"embeddable":true,"href":"https:\/\/stanijamaricic.com\/en\/wp-json\/wp\/v2\/media\/4660"}],"wp:attachment":[{"href":"https:\/\/stanijamaricic.com\/en\/wp-json\/wp\/v2\/media?parent=835"}],"wp:term":[{"taxonomy":"product_brand","embeddable":true,"href":"https:\/\/stanijamaricic.com\/en\/wp-json\/wp\/v2\/product_brand?post=835"},{"taxonomy":"product_cat","embeddable":true,"href":"https:\/\/stanijamaricic.com\/en\/wp-json\/wp\/v2\/product_cat?post=835"},{"taxonomy":"product_tag","embeddable":true,"href":"https:\/\/stanijamaricic.com\/en\/wp-json\/wp\/v2\/product_tag?post=835"}],"curies":[{"name":"wp","href":"https:\/\/api.w.org\/{rel}","templated":true}]}}