{"id":839,"date":"2022-02-17T21:30:59","date_gmt":"2022-02-17T21:30:59","guid":{"rendered":"https:\/\/stanijamaricic.com\/?post_type=product&#038;p=839"},"modified":"2022-06-15T20:50:14","modified_gmt":"2022-06-15T20:50:14","slug":"nola","status":"publish","type":"product","link":"https:\/\/stanijamaricic.com\/en\/shop\/nola\/","title":{"rendered":"Noelle"},"content":{"rendered":"<p>Glamour\u00f6s, Unikat, Badeanzug im Ethno-Design, H\u00e4kelspitzen setzen einen schm\u00fcckenden Akzent in Boho-Style.<\/p>","protected":false},"excerpt":{"rendered":"<p>Polyacrylic 84%, Cotton 10%, Elastane 6%, 30\u00b0C<\/p>","protected":false},"featured_media":4646,"comment_status":"open","ping_status":"closed","template":"","meta":[],"product_brand":[],"product_cat":[152],"product_tag":[128,121,123,106],"class_list":{"0":"post-839","1":"product","2":"type-product","3":"status-publish","4":"has-post-thumbnail","6":"product_cat-badeanzug","7":"product_tag-badeanzug","8":"product_tag-boho-style","9":"product_tag-romantisch","10":"product_tag-unikat","12":"first","13":"instock","14":"taxable","15":"shipping-taxable","16":"purchasable","17":"product-type-simple"},"_links":{"self":[{"href":"https:\/\/stanijamaricic.com\/en\/wp-json\/wp\/v2\/product\/839","targetHints":{"allow":["GET"]}}],"collection":[{"href":"https:\/\/stanijamaricic.com\/en\/wp-json\/wp\/v2\/product"}],"about":[{"href":"https:\/\/stanijamaricic.com\/en\/wp-json\/wp\/v2\/types\/product"}],"replies":[{"embeddable":true,"href":"https:\/\/stanijamaricic.com\/en\/wp-json\/wp\/v2\/comments?post=839"}],"wp:featuredmedia":[{"embeddable":true,"href":"https:\/\/stanijamaricic.com\/en\/wp-json\/wp\/v2\/media\/4646"}],"wp:attachment":[{"href":"https:\/\/stanijamaricic.com\/en\/wp-json\/wp\/v2\/media?parent=839"}],"wp:term":[{"taxonomy":"product_brand","embeddable":true,"href":"https:\/\/stanijamaricic.com\/en\/wp-json\/wp\/v2\/product_brand?post=839"},{"taxonomy":"product_cat","embeddable":true,"href":"https:\/\/stanijamaricic.com\/en\/wp-json\/wp\/v2\/product_cat?post=839"},{"taxonomy":"product_tag","embeddable":true,"href":"https:\/\/stanijamaricic.com\/en\/wp-json\/wp\/v2\/product_tag?post=839"}],"curies":[{"name":"wp","href":"https:\/\/api.w.org\/{rel}","templated":true}]}}