{"id":542,"date":"2022-01-23T22:00:34","date_gmt":"2022-01-23T22:00:34","guid":{"rendered":"https:\/\/stanijamaricic.com\/privacy-policy-2\/"},"modified":"2022-01-23T22:04:34","modified_gmt":"2022-01-23T22:04:34","slug":"privacy-policy-2","status":"publish","type":"page","link":"https:\/\/stanijamaricic.com\/sr\/privacy-policy-2\/","title":{"rendered":"UVJETI KORI\u0160TENJA"},"content":{"rendered":"<p>Datum stupanja na snagu \u2013 23. sije\u010dnja 2022<\/p>\r\n<p>Dobrodo\u0161li na https:\/\/stanijamaricic.com (&quot;Site&quot;). Shva\u0107amo da je privatnost online va\u017ena za korisnike na\u0161e stranice, posebno kada posluju. Ova izjava regulira na\u0161u politiku privatnosti u odnosu na one korisnike Stranice (\u201ePosjetitelji\u201c) koji posje\u0107uju bez obavljanja poslova i Posjetitelje koji se registriraju za obavljanje poslova na Stranici i koriste razli\u010dite usluge koje nudi Stanija Mari\u010di\u0107 (zajedno, \u201eUsluge &quot;) (&quot;Ovla\u0161teni kupci&quot;).<\/p>\r\n<strong>&quot;Podaci koji otkrivaju identitet&quot;<\/strong>\r\n<p>odnosi se na sve podatke koji identificiraju ili se mogu koristiti za identifikaciju, kontaktiranje ili lociranje osobe na koju se ti podaci odnose, uklju\u010duju\u0107i, ali ne ograni\u010davaju\u0107i se na, ime, adresu, telefonski broj, broj faksa, adresu e-po\u0161te, financijske profile, socijalno osiguranje broj i podatke o kreditnoj kartici. Podaci koji otkrivaju identitet ne uklju\u010duju podatke koji se prikupljaju anonimno (tj. bez identifikacije pojedinog korisnika) ili demografske podatke koji nisu povezani s identificiranom osobom.<\/p>\r\n<strong>Koji se osobni podaci prikupljaju?<\/strong>\r\n<p>Mo\u017eemo prikupljati osnovne podatke o korisni\u010dkom profilu od svih na\u0161ih Posjetitelja. Od na\u0161ih ovla\u0161tenih kupaca prikupljamo sljede\u0107e dodatne informacije: imena, adrese, telefonske brojeve i adrese e-po\u0161te ovla\u0161tenih kupaca, prirodu i veli\u010dinu poslovanja, te prirodu i veli\u010dinu oglasnog inventara koji Ovla\u0161teni kupac namjerava kupiti ili prodano<\/p>\r\n<strong>Koje organizacije prikupljaju informacije?<\/strong>\r\n<p>Osim na\u0161eg izravnog prikupljanja informacija, na\u0161i dobavlja\u010di usluga tre\u0107e strane (kao \u0161to su tvrtke za kreditne kartice, klirin\u0161ke ku\u0107e i banke) koji mogu pru\u017eati usluge kao \u0161to su krediti, osiguranje i usluge escrow-a mogu prikupljati te podatke od na\u0161ih posjetitelja i ovla\u0161tenih kupaca. Ne kontroliramo na\u010din na koji te tre\u0107e strane koriste takve podatke, ali tra\u017eimo od njih da otkriju kako koriste osobne podatke koje su im dali posjetitelji i ovla\u0161teni kupci. Neke od tih tre\u0107ih strana mogu biti posrednici koji djeluju isklju\u010divo kao karike u distribucijskom lancu i ne pohranjuju, zadr\u017eavaju ili koriste informacije koje su im dane.<\/p>\r\n<strong>Kako Stranica koristi osobne podatke?<\/strong>\r\n<p>Koristimo osobne identifikacijske podatke za prilagodbu Stranice, za pru\u017eanje odgovaraju\u0107ih usluga i za ispunjavanje zahtjeva za kupnju i prodaju na Stranici. Posjetiteljima i ovla\u0161tenim kupcima mo\u017eemo poslati e-poruku o mogu\u0107nostima istra\u017eivanja ili kupnje i prodaje na Stranici ili informacijama koje se odnose na predmet Stranice. Tako\u0111er mo\u017eemo koristiti podatke koji otkrivaju identitet kako bismo kontaktirali posjetitelje i ovla\u0161tene kupce kao odgovor na posebne upite ili da bismo pru\u017eili tra\u017eene informacije.<\/p>\r\n<strong>S kim se informacije smiju dijeliti?<\/strong>\r\n<p>Podaci koji otkrivaju identitet ovla\u0161tenih kupaca mogu se dijeliti s drugim ovla\u0161tenim kupcima koji \u017eele procijeniti potencijalne transakcije s drugim ovla\u0161tenim kupcima. Mo\u017eemo dijeliti skupne podatke o na\u0161im Posjetiteljima, uklju\u010duju\u0107i demografske podatke na\u0161ih Posjetitelja i Ovla\u0161tenih kupaca, s na\u0161im povezanim agencijama i dobavlja\u010dima tre\u0107ih strana. Tako\u0111er nudimo mogu\u0107nost da se &quot;odjavite&quot; od primanja informacija ili da vas kontaktiramo mi ili bilo koja agencija koja djeluje u na\u0161e ime.<\/p>\r\n<strong>Kako se pohranjuju podaci koji otkrivaju identitet?<\/strong>\r\n<p>Podaci koji otkrivaju identitet koje je prikupila Stanija Mari\u010di\u0107 sigurno su pohranjeni i nisu dostupni tre\u0107im stranama ili zaposlenicima Stanije Mari\u010di\u0107 osim za kori\u0161tenje kako je gore navedeno.<\/p>\r\n<strong>Koji su izbori dostupni Posjetiteljima u pogledu prikupljanja, kori\u0161tenja i distribucije informacija?<\/strong>\r\n<p>Posjetitelji i ovla\u0161teni kupci mogu odustati od primanja ne\u017eeljenih informacija od nas i\/ili na\u0161ih dobavlja\u010da i povezanih agencija ili ih kontaktirati tako \u0161to \u0107e odgovoriti na e-poruke prema uputama ili nas kontaktirati na Spelterinistrasse 15 9602 Bazenheid Switzerland<\/p>\r\n<strong>kola\u010di\u0107i<\/strong>\r\n<p>Kola\u010di\u0107 je niz informacija koje web-mjesto pohranjuje na ra\u010dunalo posjetitelja i koje preglednik posjetitelja pru\u017ea web stranici svaki put kada se posjetitelj vrati.<\/p>\r\n<strong>Koriste li se kola\u010di\u0107i na stranici?<\/strong>\r\n<p>Kola\u010di\u0107i se koriste iz raznih razloga. Koristimo kola\u010di\u0107e za dobivanje informacija o preferencijama na\u0161ih posjetitelja i uslugama koje odaberu. Tako\u0111er koristimo kola\u010di\u0107e u sigurnosne svrhe kako bismo za\u0161titili na\u0161e ovla\u0161tene kupce. Na primjer, ako je ovla\u0161teni korisnik prijavljen, a stranica nije kori\u0161tena vi\u0161e od 10 minuta, automatski \u0107emo odjaviti ovla\u0161tenog kupca. Posjetitelji koji ne \u017eele da se kola\u010di\u0107i postavljaju na svoja ra\u010dunala trebaju postaviti svoje preglednike da odbijaju kola\u010di\u0107e prije kori\u0161tenjem https:\/\/stanijamaricic.com, s nedostatkom da odre\u0111ene zna\u010dajke web stranice mo\u017eda ne\u0107e ispravno funkcionirati bez pomo\u0107i kola\u010di\u0107a.<\/p>\r\n<strong>Kola\u010di\u0107i koje koriste na\u0161i davatelji usluga<\/strong>\r\n<p>Na\u0161i davatelji usluga koriste kola\u010di\u0107e i ti kola\u010di\u0107i mogu biti pohranjeni na va\u0161em ra\u010dunalu kada posjetite na\u0161u web stranicu. Vi\u0161e pojedinosti o tome koji se kola\u010di\u0107i koriste mo\u017eete prona\u0107i na na\u0161oj stranici s informacijama o kola\u010di\u0107ima.<\/p>\r\n<strong>Kako Stanija Mari\u010di\u0107 koristi podatke za prijavu?<\/strong>\r\n<p>Stanija Mari\u010di\u0107 koristi podatke za prijavu, uklju\u010duju\u0107i, ali ne ograni\u010davaju\u0107i se na IP adrese, ISP-ove i vrste preglednika, za analizu trendova, administriranje stranice, pra\u0107enje kretanja i kori\u0161tenja korisnika te prikupljanje \u0161irokih demografskih informacija.<\/p>\r\n<strong>Koji partneri ili pru\u017eatelji usluga imaju pristup osobnim podacima posjetitelja i\/ili ovla\u0161tenih kupaca na stranici?<\/strong>\r\n<p>Stanija Mari\u010di\u0107 sklopila je i nastavit \u0107e sklapati partnerstva i druge veze s nizom dobavlja\u010da. Takvi dobavlja\u010di mogu imati pristup odre\u0111enim osobnim identifikacijskim podacima o potrebi da znaju osnovu za procjenu ovla\u0161tenih kupaca za ispunjavanje uvjeta za uslugu. Na\u0161a politika privatnosti ne pokriva njihovo prikupljanje ili kori\u0161tenje ovih informacija. Otkrivanje osobnih podataka u skladu sa zakonom. Otkrit \u0107emo podatke koji otkrivaju identitet kako bismo postupili u skladu sa sudskim nalogom ili sudskim pozivom ili zahtjevom agencije za provo\u0111enje zakona za objavljivanje informacija. Tako\u0111er \u0107emo otkriti osobne podatke kada je to razumno potrebno za za\u0161titu sigurnosti na\u0161ih posjetitelja i ovla\u0161tenih kupaca.<\/p>\r\n<strong>Kako web mjesto \u0161titi podatke koji otkrivaju identitet?<\/strong>\r\n<p>Svi na\u0161i zaposlenici upoznati su s na\u0161om sigurnosnom politikom i praksama. Osobne identifikacijske informacije na\u0161ih posjetitelja i ovla\u0161tenih kupaca dostupne su samo ograni\u010denom broju kvalificiranih zaposlenika kojima je dana lozinka kako bi dobili pristup informacijama. Redovito provjeravamo na\u0161e sigurnosne sustave i procese. Osjetljive informacije, kao \u0161to su brojevi kreditnih kartica ili brojevi socijalnog osiguranja, za\u0161ti\u0107eni su protokolima enkripcije, koji \u0161tite informacije poslane putem Interneta. Iako poduzimamo komercijalno razumne mjere za odr\u017eavanje sigurne stranice, elektroni\u010dke komunikacije i baze podataka podlo\u017ene su pogre\u0161kama, neovla\u0161tenim promjenama i provalama i ne mo\u017eemo jam\u010diti ili jam\u010diti da se takvi doga\u0111aji ne\u0107e dogoditi i ne\u0107emo biti odgovorni posjetiteljima ili Ovla\u0161teni kupci za sve takve pojave.<\/p>\r\n<strong>Kako posjetitelji mogu ispraviti bilo kakve neto\u010dnosti u podacima koji otkrivaju identitet?<\/strong>\r\n<p>Posjetitelji i ovla\u0161teni kupci mogu nas kontaktirati radi a\u017euriranja osobnih podataka o njima ili ispravljanja bilo kakvih neto\u010dnosti slanjem e-po\u0161te na admin@stanijamaricic.com<\/p>\r\n<strong>Mo\u017ee li posjetitelj izbrisati ili deaktivirati podatke koji otkrivaju identitet prikupljene na web stranici?<\/strong>\r\n<p>Posjetiteljima i ovla\u0161tenim kupcima pru\u017eamo mehanizam za brisanje\/deaktiviranje osobnih podataka iz baze podataka web-mjesta kontaktiranjem. Me\u0111utim, zbog sigurnosnih kopija i zapisa o brisanjima, mo\u017eda \u0107e biti nemogu\u0107e izbrisati unos posjetitelja bez zadr\u017eavanja nekih preostalih informacija. Pojedincu koji zatra\u017ei deaktiviranje osobnih podataka te \u0107e se podaci funkcionalno izbrisati, a mi ne\u0107emo prodavati, prenositi ili koristiti podatke koji otkrivaju identitet te osobe ni na koji na\u010din u budu\u0107nosti.<\/p>\r\n<strong>Va\u0161a prava<\/strong>\r\n<p>Ovo su sa\u017eeta prava koja imate prema zakonu o za\u0161titi podataka<\/p>\r\n<p><ul>\r\n<li>Pravo na pristup<\/li>\r\n<li>Pravo na ispravak<\/li>\r\n<li>Pravo na brisanje<\/li>\r\n<li>Pravo na ograni\u010denje obrade<\/li>\r\n<li>Pravo na prigovor na obradu<\/li>\r\n<li>Pravo na prenosivost podataka<\/li>\r\n<li>Pravo \u017ealbe nadzornom tijelu<\/li>\r\n<li>Pravo na povla\u010denje privole<\/li>\r\n<\/ul><\/p>\r\n<strong>\u0160to se doga\u0111a ako se Politika privatnosti promijeni?<\/strong>\r\n<p>Obavijestit \u0107emo na\u0161e posjetitelje i ovla\u0161tene kupce o promjenama na\u0161e politike privatnosti objavljivanjem takvih promjena na web stranici. Me\u0111utim, ako promijenimo na\u0161u politiku privatnosti na na\u010din koji bi mogao uzrokovati otkrivanje osobnih podataka za koje je posjetitelj ili ovla\u0161teni korisnik prethodno zatra\u017eio da se ne otkriju, kontaktirat \u0107emo takvog posjetitelja ili ovla\u0161tenog kupca kako bismo tom posjetitelju ili ovla\u0161tenom kupcu omogu\u0107ili da sprije\u010di takvo otkrivanje.<\/p>\r\n<strong>Lijevo:<\/strong>\r\n<p>https:\/\/stanijamaricic.com sadr\u017ei poveznice na druge web stranice. Imajte na umu da kada kliknete na jednu od ovih poveznica, prelazite na drugu web stranicu. Poti\u010demo vas da pro\u010ditate izjave o privatnosti ovih povezanih stranica jer se njihova pravila o privatnosti mogu razlikovati od na\u0161ih.<\/p>","protected":false},"excerpt":{"rendered":"<p>Effective date &#8211; January 23, 2022 Welcome to https:\/\/stanijamaricic.com (the &#8222;Site&#8220;). We understand that privacy online is important to users of our Site, especially when conducting business. This statement governs our privacy policies with respect to those users of the Site (&#8222;Visitors&#8220;) who visit without transacting business and Visitors who register to transact business on [&#8230;]","protected":false},"author":5,"featured_media":0,"parent":0,"menu_order":0,"comment_status":"closed","ping_status":"closed","template":"","meta":{"footnotes":""},"class_list":["post-542","page","type-page","status-publish","hentry"],"_links":{"self":[{"href":"https:\/\/stanijamaricic.com\/sr\/wp-json\/wp\/v2\/pages\/542","targetHints":{"allow":["GET"]}}],"collection":[{"href":"https:\/\/stanijamaricic.com\/sr\/wp-json\/wp\/v2\/pages"}],"about":[{"href":"https:\/\/stanijamaricic.com\/sr\/wp-json\/wp\/v2\/types\/page"}],"author":[{"embeddable":true,"href":"https:\/\/stanijamaricic.com\/sr\/wp-json\/wp\/v2\/users\/5"}],"replies":[{"embeddable":true,"href":"https:\/\/stanijamaricic.com\/sr\/wp-json\/wp\/v2\/comments?post=542"}],"version-history":[{"count":0,"href":"https:\/\/stanijamaricic.com\/sr\/wp-json\/wp\/v2\/pages\/542\/revisions"}],"wp:attachment":[{"href":"https:\/\/stanijamaricic.com\/sr\/wp-json\/wp\/v2\/media?parent=542"}],"curies":[{"name":"wp","href":"https:\/\/api.w.org\/{rel}","templated":true}]}}