{"id":92,"date":"2013-08-11T19:06:15","date_gmt":"2013-08-11T19:06:15","guid":{"rendered":"http:\/\/localhost:8888\/test\/?page_id=520"},"modified":"2022-04-25T21:22:15","modified_gmt":"2022-04-25T21:22:15","slug":"about","status":"publish","type":"page","link":"https:\/\/stanijamaricic.com\/sr\/elements\/pages\/about\/","title":{"rendered":"O nama"},"content":{"rendered":"<div class=\"banner has-hover has-parallax\" id=\"banner-1966122052\">\n          <div class=\"banner-inner fill\">\n        <div class=\"banner-bg fill\" data-parallax=\"-3\" data-parallax-container=\".banner\" data-parallax-background>\n            <img loading=\"lazy\" decoding=\"async\" width=\"891\" height=\"596\" src=\"https:\/\/stanijamaricic.com\/wp-content\/uploads\/2022\/01\/272319932_715361119429694_4041984817736613018_n.webp\" class=\"bg attachment-large size-large\" alt=\"\" \/>                        <div class=\"overlay\"><\/div>            \n                    <\/div>\n\t\t\n        <div class=\"banner-layers container\">\n            <div class=\"fill banner-link\"><\/div>            \n\n   <div id=\"text-box-1771980493\" class=\"text-box banner-layer x50 md-x50 lg-x50 y80 md-y80 lg-y80 res-text\">\n                                <div class=\"text-box-content text dark\">\n              \n              <div class=\"text-inner text-center\">\n                  \n\n<h1 class=\"lead\">O nama<\/h1>\n<p class=\"lead\">Kreiram zavodljive, izazovne i glamurozne ve\u010dernje haljine i vjen\u010danice.<\/p>\n<p>Moje mu\u0161terije su \u017eenstvene i romanti\u010dne \u017eene, koje svoje obline \u017eele naglasiti zavodljivim unikatnim odjevnim kombinacijama.<\/p>\n\n              <\/div>\n           <\/div>\n                            \n<style>\n#text-box-1771980493 {\n  width: 60%;\n}\n#text-box-1771980493 .text-box-content {\n  font-size: 100%;\n}\n<\/style>\n    <\/div>\n \n\n        <\/div>\n      <\/div>\n\n            \n<style>\n#banner-1966122052 {\n  padding-top: 507px;\n}\n#banner-1966122052 .overlay {\n  background-color: rgba(0, 0, 0, 0.49);\n}\n<\/style>\n  <\/div>\n\n\n\t<div id=\"gap-1590603821\" class=\"gap-element clearfix\" style=\"display:block; height:auto;\">\n\t\t\n<style>\n#gap-1590603821 {\n  padding-top: 30px;\n}\n<\/style>\n\t<\/div>\n\t\n\n<div class=\"social-icons follow-icons full-width text-center\" ><a href=\"https:\/\/facebook.com\/stanija.maricic.1\" target=\"_blank\" data-label=\"Facebook\" class=\"icon button circle is-outline tooltip facebook\" title=\"Follow on Facebook\" aria-label=\"Follow on Facebook\" rel=\"noopener nofollow\"><i class=\"icon-facebook\" aria-hidden=\"true\"><\/i><\/a><a href=\"https:\/\/instagram.com\/stanijamaricic\" target=\"_blank\" data-label=\"Instagram\" class=\"icon button circle is-outline tooltip instagram\" title=\"Follow on Instagram\" aria-label=\"Follow on Instagram\" rel=\"noopener nofollow\"><i class=\"icon-instagram\" aria-hidden=\"true\"><\/i><\/a><a href=\"mailto:info@stanijamaricic.com\" data-label=\"E-mail\" target=\"_blank\" class=\"icon button circle is-outline tooltip email\" title=\"Po\u0161aljite nam e-mail\" aria-label=\"Po\u0161aljite nam e-mail\" rel=\"nofollow noopener\"><i class=\"icon-envelop\" aria-hidden=\"true\"><\/i><\/a><a href=\"https:\/\/www.pinterest.ch\/stanija_m\/\" data-label=\"Pinterest\" target=\"_blank\" class=\"icon button circle is-outline tooltip pinterest\" title=\"Follow on Pinterest\" aria-label=\"Follow on Pinterest\" rel=\"noopener nofollow\"><i class=\"icon-pinterest\" aria-hidden=\"true\"><\/i><\/a><\/div>\n\n<div class=\"row\"  id=\"row-1704937596\">\n\n\n\t<div id=\"col-870803940\" class=\"col small-12 large-12\"  >\n\t\t\t\t<div class=\"col-inner\"  >\n\t\t\t\n\t\t\t\n\n<p class=\"lead text-center\">Inspirirana Boho\/Ibiza stilom, stavila sam naglasak na stare, gotovo zaboravljene tehnike rada: makrame, \u0161linganje, Richelieu, heklano, pleteno, vezeno. Moja kolekcija tako\u0111er uklju\u010duje jakne, tunike, kupa\u0107e kostime i mnoge druge unikatne komade.<\/p>\n<p>Moje kreacije tjeraju vas da bezbri\u017eno provedete sun\u010dane dane uz bazen i more i zra\u010dite joie de vivre.<\/p>\n<p>Svi su jedinstveni. Odlikuju ih velika pa\u017enja prema detaljima, \u017eenstvena silueta, bezvremenska estetika i svestrani retro i vintage elementi.<\/p>\n<p>O\u017eivite moju kolekciju<\/p>\n<p>&nbsp;<\/p>\n\n<div class=\"text-center\"><div class=\"is-divider divider clearfix\" ><\/div><\/div>\n\n\n\t\t<\/div>\n\t\t\t\t\t<\/div>\n\n\t\n\n<\/div>","protected":false},"excerpt":{"rendered":"","protected":false},"author":5,"featured_media":18,"parent":53,"menu_order":0,"comment_status":"closed","ping_status":"closed","template":"page-transparent-header-light.php","meta":{"footnotes":""},"class_list":["post-92","page","type-page","status-publish","has-post-thumbnail","hentry"],"_links":{"self":[{"href":"https:\/\/stanijamaricic.com\/sr\/wp-json\/wp\/v2\/pages\/92","targetHints":{"allow":["GET"]}}],"collection":[{"href":"https:\/\/stanijamaricic.com\/sr\/wp-json\/wp\/v2\/pages"}],"about":[{"href":"https:\/\/stanijamaricic.com\/sr\/wp-json\/wp\/v2\/types\/page"}],"author":[{"embeddable":true,"href":"https:\/\/stanijamaricic.com\/sr\/wp-json\/wp\/v2\/users\/5"}],"replies":[{"embeddable":true,"href":"https:\/\/stanijamaricic.com\/sr\/wp-json\/wp\/v2\/comments?post=92"}],"version-history":[{"count":0,"href":"https:\/\/stanijamaricic.com\/sr\/wp-json\/wp\/v2\/pages\/92\/revisions"}],"up":[{"embeddable":true,"href":"https:\/\/stanijamaricic.com\/sr\/wp-json\/wp\/v2\/pages\/53"}],"wp:featuredmedia":[{"embeddable":true,"href":"https:\/\/stanijamaricic.com\/sr\/wp-json\/wp\/v2\/media\/18"}],"wp:attachment":[{"href":"https:\/\/stanijamaricic.com\/sr\/wp-json\/wp\/v2\/media?parent=92"}],"curies":[{"name":"wp","href":"https:\/\/api.w.org\/{rel}","templated":true}]}}