{"id":1026,"date":"2022-02-22T20:18:27","date_gmt":"2022-02-22T20:18:27","guid":{"rendered":"https:\/\/stanijamaricic.com\/product\/paola\/"},"modified":"2023-04-17T07:38:05","modified_gmt":"2023-04-17T07:38:05","slug":"barkley-2","status":"publish","type":"product","link":"https:\/\/stanijamaricic.com\/sr\/shop\/barkley-2\/","title":{"rendered":"Barkley"},"content":{"rendered":"<p>Ljetna haljina, ve\u010dernja haljina, \u010daroban izgled, \u017eenstvena, razigrana, zavodljiva, boho stil, vlastita kreacija, ru\u010dni rad sa heklanom \u010dipkom<\/p>","protected":false},"excerpt":{"rendered":"<p>Pamuk 40%, akril, 50%, elastin 10\u00b0, pranje 20\u00b0C<\/p>","protected":false},"featured_media":1278,"comment_status":"open","ping_status":"closed","template":"","meta":[],"product_brand":[],"product_cat":[155],"product_tag":[187,142],"class_list":{"0":"post-1026","1":"product","2":"type-product","3":"status-publish","4":"has-post-thumbnail","6":"product_cat-abendkleid","7":"product_tag-abend-cocktailkleid","8":"product_tag-gehaekelte-spitze","10":"first","11":"instock","12":"sale","13":"taxable","14":"shipping-taxable","15":"purchasable","16":"product-type-simple"},"_links":{"self":[{"href":"https:\/\/stanijamaricic.com\/sr\/wp-json\/wp\/v2\/product\/1026","targetHints":{"allow":["GET"]}}],"collection":[{"href":"https:\/\/stanijamaricic.com\/sr\/wp-json\/wp\/v2\/product"}],"about":[{"href":"https:\/\/stanijamaricic.com\/sr\/wp-json\/wp\/v2\/types\/product"}],"replies":[{"embeddable":true,"href":"https:\/\/stanijamaricic.com\/sr\/wp-json\/wp\/v2\/comments?post=1026"}],"wp:featuredmedia":[{"embeddable":true,"href":"https:\/\/stanijamaricic.com\/sr\/wp-json\/wp\/v2\/media\/1278"}],"wp:attachment":[{"href":"https:\/\/stanijamaricic.com\/sr\/wp-json\/wp\/v2\/media?parent=1026"}],"wp:term":[{"taxonomy":"product_brand","embeddable":true,"href":"https:\/\/stanijamaricic.com\/sr\/wp-json\/wp\/v2\/product_brand?post=1026"},{"taxonomy":"product_cat","embeddable":true,"href":"https:\/\/stanijamaricic.com\/sr\/wp-json\/wp\/v2\/product_cat?post=1026"},{"taxonomy":"product_tag","embeddable":true,"href":"https:\/\/stanijamaricic.com\/sr\/wp-json\/wp\/v2\/product_tag?post=1026"}],"curies":[{"name":"wp","href":"https:\/\/api.w.org\/{rel}","templated":true}]}}