{"id":1038,"date":"2022-02-22T20:18:27","date_gmt":"2022-02-22T20:18:27","guid":{"rendered":"https:\/\/stanijamaricic.com\/product\/dalary\/"},"modified":"2023-04-17T09:53:56","modified_gmt":"2023-04-17T09:53:56","slug":"promise-2","status":"publish","type":"product","link":"https:\/\/stanijamaricic.com\/sr\/shop\/promise-2\/","title":{"rendered":"obe\u0107anje"},"content":{"rendered":"<p>Ve\u010dernja haljina, unikatna, pripijena, lagana, \u010dini lijepu figuru, preslatki izrez na le\u0111ima, vlastita kreacija<\/p>","protected":false},"excerpt":{"rendered":"<p>Poliester 100%, perilica rublja na 30\u00b0C<\/p>","protected":false},"featured_media":1250,"comment_status":"open","ping_status":"closed","template":"","meta":[],"product_brand":[],"product_cat":[155],"product_tag":[153,300,197,108,218,157,250,164,106,210],"class_list":{"0":"post-1038","1":"product","2":"type-product","3":"status-publish","4":"has-post-thumbnail","6":"product_cat-abendkleid","7":"product_tag-abendkleid","8":"product_tag-betonte-schnit","9":"product_tag-eigenkreation","10":"product_tag-elegant","11":"product_tag-feminin","12":"product_tag-genaeht","13":"product_tag-sommerkleid","14":"product_tag-transparent","15":"product_tag-unikat","16":"product_tag-verfuehrerisch","18":"first","19":"instock","20":"sale","21":"taxable","22":"shipping-taxable","23":"purchasable","24":"product-type-simple"},"_links":{"self":[{"href":"https:\/\/stanijamaricic.com\/sr\/wp-json\/wp\/v2\/product\/1038","targetHints":{"allow":["GET"]}}],"collection":[{"href":"https:\/\/stanijamaricic.com\/sr\/wp-json\/wp\/v2\/product"}],"about":[{"href":"https:\/\/stanijamaricic.com\/sr\/wp-json\/wp\/v2\/types\/product"}],"replies":[{"embeddable":true,"href":"https:\/\/stanijamaricic.com\/sr\/wp-json\/wp\/v2\/comments?post=1038"}],"wp:featuredmedia":[{"embeddable":true,"href":"https:\/\/stanijamaricic.com\/sr\/wp-json\/wp\/v2\/media\/1250"}],"wp:attachment":[{"href":"https:\/\/stanijamaricic.com\/sr\/wp-json\/wp\/v2\/media?parent=1038"}],"wp:term":[{"taxonomy":"product_brand","embeddable":true,"href":"https:\/\/stanijamaricic.com\/sr\/wp-json\/wp\/v2\/product_brand?post=1038"},{"taxonomy":"product_cat","embeddable":true,"href":"https:\/\/stanijamaricic.com\/sr\/wp-json\/wp\/v2\/product_cat?post=1038"},{"taxonomy":"product_tag","embeddable":true,"href":"https:\/\/stanijamaricic.com\/sr\/wp-json\/wp\/v2\/product_tag?post=1038"}],"curies":[{"name":"wp","href":"https:\/\/api.w.org\/{rel}","templated":true}]}}