{"id":1046,"date":"2022-02-22T20:18:28","date_gmt":"2022-02-22T20:18:28","guid":{"rendered":"https:\/\/stanijamaricic.com\/product\/shay\/"},"modified":"2023-04-17T13:00:41","modified_gmt":"2023-04-17T13:00:41","slug":"simone-2","status":"publish","type":"product","link":"https:\/\/stanijamaricic.com\/sr\/shop\/simone-2\/","title":{"rendered":"Simone"},"content":{"rendered":"<p>Abendkleid \/ Sommerkleid, Einzelst\u00fcck, Figurbetont, Leicht, macht sch\u00f6ne Figur , Verf\u00fchrerisch, Transparent<\/p>","protected":false},"excerpt":{"rendered":"<p>Poliester 94%, Elastan 6% Pranje na 30\u00b0C<\/p>","protected":false},"featured_media":1232,"comment_status":"open","ping_status":"closed","template":"","meta":[],"product_brand":[],"product_cat":[155],"product_tag":[153,300,111,197,243,108,218,194,157,254,123,333,106,210],"class_list":{"0":"post-1046","1":"product","2":"type-product","3":"status-publish","4":"has-post-thumbnail","6":"product_cat-abendkleid","7":"product_tag-abendkleid","8":"product_tag-betonte-schnit","9":"product_tag-citymode","10":"product_tag-eigenkreation","11":"product_tag-elastisch","12":"product_tag-elegant","13":"product_tag-feminin","14":"product_tag-figurbetont","15":"product_tag-genaeht","16":"product_tag-kleid","17":"product_tag-romantisch","18":"product_tag-strand","19":"product_tag-unikat","20":"product_tag-verfuehrerisch","22":"first","23":"instock","24":"sale","25":"taxable","26":"shipping-taxable","27":"purchasable","28":"product-type-simple"},"_links":{"self":[{"href":"https:\/\/stanijamaricic.com\/sr\/wp-json\/wp\/v2\/product\/1046","targetHints":{"allow":["GET"]}}],"collection":[{"href":"https:\/\/stanijamaricic.com\/sr\/wp-json\/wp\/v2\/product"}],"about":[{"href":"https:\/\/stanijamaricic.com\/sr\/wp-json\/wp\/v2\/types\/product"}],"replies":[{"embeddable":true,"href":"https:\/\/stanijamaricic.com\/sr\/wp-json\/wp\/v2\/comments?post=1046"}],"wp:featuredmedia":[{"embeddable":true,"href":"https:\/\/stanijamaricic.com\/sr\/wp-json\/wp\/v2\/media\/1232"}],"wp:attachment":[{"href":"https:\/\/stanijamaricic.com\/sr\/wp-json\/wp\/v2\/media?parent=1046"}],"wp:term":[{"taxonomy":"product_brand","embeddable":true,"href":"https:\/\/stanijamaricic.com\/sr\/wp-json\/wp\/v2\/product_brand?post=1046"},{"taxonomy":"product_cat","embeddable":true,"href":"https:\/\/stanijamaricic.com\/sr\/wp-json\/wp\/v2\/product_cat?post=1046"},{"taxonomy":"product_tag","embeddable":true,"href":"https:\/\/stanijamaricic.com\/sr\/wp-json\/wp\/v2\/product_tag?post=1046"}],"curies":[{"name":"wp","href":"https:\/\/api.w.org\/{rel}","templated":true}]}}