{"id":1053,"date":"2022-02-22T20:18:35","date_gmt":"2022-02-22T20:18:35","guid":{"rendered":"https:\/\/stanijamaricic.com\/product\/iyla\/"},"modified":"2023-04-17T12:47:34","modified_gmt":"2023-04-17T12:47:34","slug":"addisyn-2","status":"publish","type":"product","link":"https:\/\/stanijamaricic.com\/sr\/shop\/addisyn-2\/","title":{"rendered":"Addisyn"},"content":{"rendered":"<p>Ve\u010dernja haljina, unikatni komad, s \u010dipkom, lagana za no\u0161enje i odr\u017eavanje, vlastita kreacija Carmen dekoltea<\/p>","protected":false},"excerpt":{"rendered":"<p>Poliester 94%, Elastan 6% Pranje na 30\u00b0C<\/p>","protected":false},"featured_media":1210,"comment_status":"open","ping_status":"closed","template":"","meta":[],"product_brand":[],"product_cat":[155],"product_tag":[153,197,243,108,218,194,157,123,250,190,106,210],"class_list":{"0":"post-1053","1":"product","2":"type-product","3":"status-publish","4":"has-post-thumbnail","6":"product_cat-abendkleid","7":"product_tag-abendkleid","8":"product_tag-eigenkreation","9":"product_tag-elastisch","10":"product_tag-elegant","11":"product_tag-feminin","12":"product_tag-figurbetont","13":"product_tag-genaeht","14":"product_tag-romantisch","15":"product_tag-sommerkleid","16":"product_tag-spitze","17":"product_tag-unikat","18":"product_tag-verfuehrerisch","20":"first","21":"instock","22":"sale","23":"taxable","24":"shipping-taxable","25":"purchasable","26":"product-type-simple"},"_links":{"self":[{"href":"https:\/\/stanijamaricic.com\/sr\/wp-json\/wp\/v2\/product\/1053","targetHints":{"allow":["GET"]}}],"collection":[{"href":"https:\/\/stanijamaricic.com\/sr\/wp-json\/wp\/v2\/product"}],"about":[{"href":"https:\/\/stanijamaricic.com\/sr\/wp-json\/wp\/v2\/types\/product"}],"replies":[{"embeddable":true,"href":"https:\/\/stanijamaricic.com\/sr\/wp-json\/wp\/v2\/comments?post=1053"}],"wp:featuredmedia":[{"embeddable":true,"href":"https:\/\/stanijamaricic.com\/sr\/wp-json\/wp\/v2\/media\/1210"}],"wp:attachment":[{"href":"https:\/\/stanijamaricic.com\/sr\/wp-json\/wp\/v2\/media?parent=1053"}],"wp:term":[{"taxonomy":"product_brand","embeddable":true,"href":"https:\/\/stanijamaricic.com\/sr\/wp-json\/wp\/v2\/product_brand?post=1053"},{"taxonomy":"product_cat","embeddable":true,"href":"https:\/\/stanijamaricic.com\/sr\/wp-json\/wp\/v2\/product_cat?post=1053"},{"taxonomy":"product_tag","embeddable":true,"href":"https:\/\/stanijamaricic.com\/sr\/wp-json\/wp\/v2\/product_tag?post=1053"}],"curies":[{"name":"wp","href":"https:\/\/api.w.org\/{rel}","templated":true}]}}