{"id":1055,"date":"2022-02-22T20:18:35","date_gmt":"2022-02-22T20:18:35","guid":{"rendered":"https:\/\/stanijamaricic.com\/product\/judith\/"},"modified":"2023-04-17T12:55:15","modified_gmt":"2023-04-17T12:55:15","slug":"branley","status":"publish","type":"product","link":"https:\/\/stanijamaricic.com\/sr\/shop\/branley\/","title":{"rendered":"Branley"},"content":{"rendered":"<p>Ve\u010dernja haljina, unikat, sa \u010dipkom, pripijena, \u010dini lijepu figuru, vlastita kreacija, luksuzna sa \u0161lepom, elasti\u010dna izrada<\/p>","protected":false},"excerpt":{"rendered":"<p>Poliester 94%, Elastan 6% Pranje na 30\u00b0C<\/p>","protected":false},"featured_media":1206,"comment_status":"open","ping_status":"closed","template":"","meta":[],"product_brand":[],"product_cat":[155],"product_tag":[153,197,243,108,218,194,157,254,123,190,106,210],"class_list":{"0":"post-1055","1":"product","2":"type-product","3":"status-publish","4":"has-post-thumbnail","6":"product_cat-abendkleid","7":"product_tag-abendkleid","8":"product_tag-eigenkreation","9":"product_tag-elastisch","10":"product_tag-elegant","11":"product_tag-feminin","12":"product_tag-figurbetont","13":"product_tag-genaeht","14":"product_tag-kleid","15":"product_tag-romantisch","16":"product_tag-spitze","17":"product_tag-unikat","18":"product_tag-verfuehrerisch","20":"first","21":"instock","22":"sale","23":"taxable","24":"shipping-taxable","25":"purchasable","26":"product-type-simple"},"_links":{"self":[{"href":"https:\/\/stanijamaricic.com\/sr\/wp-json\/wp\/v2\/product\/1055","targetHints":{"allow":["GET"]}}],"collection":[{"href":"https:\/\/stanijamaricic.com\/sr\/wp-json\/wp\/v2\/product"}],"about":[{"href":"https:\/\/stanijamaricic.com\/sr\/wp-json\/wp\/v2\/types\/product"}],"replies":[{"embeddable":true,"href":"https:\/\/stanijamaricic.com\/sr\/wp-json\/wp\/v2\/comments?post=1055"}],"wp:featuredmedia":[{"embeddable":true,"href":"https:\/\/stanijamaricic.com\/sr\/wp-json\/wp\/v2\/media\/1206"}],"wp:attachment":[{"href":"https:\/\/stanijamaricic.com\/sr\/wp-json\/wp\/v2\/media?parent=1055"}],"wp:term":[{"taxonomy":"product_brand","embeddable":true,"href":"https:\/\/stanijamaricic.com\/sr\/wp-json\/wp\/v2\/product_brand?post=1055"},{"taxonomy":"product_cat","embeddable":true,"href":"https:\/\/stanijamaricic.com\/sr\/wp-json\/wp\/v2\/product_cat?post=1055"},{"taxonomy":"product_tag","embeddable":true,"href":"https:\/\/stanijamaricic.com\/sr\/wp-json\/wp\/v2\/product_tag?post=1055"}],"curies":[{"name":"wp","href":"https:\/\/api.w.org\/{rel}","templated":true}]}}