{"id":1062,"date":"2022-02-22T20:18:36","date_gmt":"2022-02-22T20:18:36","guid":{"rendered":"https:\/\/stanijamaricic.com\/product\/leanna\/"},"modified":"2023-04-17T12:07:25","modified_gmt":"2023-04-17T12:07:25","slug":"valery-2","status":"publish","type":"product","link":"https:\/\/stanijamaricic.com\/sr\/shop\/valery-2\/","title":{"rendered":"Valery"},"content":{"rendered":"<p>Abendkleid, Einzelst\u00fcck mit Spitze, Figurbetont, macht sch\u00f6ne FigurEigenkrestion, Luxuri\u00f6s mit Schleppe<\/p>","protected":false},"excerpt":{"rendered":"<p>Poliester 94%, Elastan 6% Pranje na 30\u00b0C<\/p>","protected":false},"featured_media":1184,"comment_status":"open","ping_status":"closed","template":"","meta":[],"product_brand":[],"product_cat":[155],"product_tag":[153,300,197,243,108,218,157,190,106],"class_list":{"0":"post-1062","1":"product","2":"type-product","3":"status-publish","4":"has-post-thumbnail","6":"product_cat-abendkleid","7":"product_tag-abendkleid","8":"product_tag-betonte-schnit","9":"product_tag-eigenkreation","10":"product_tag-elastisch","11":"product_tag-elegant","12":"product_tag-feminin","13":"product_tag-genaeht","14":"product_tag-spitze","15":"product_tag-unikat","17":"first","18":"instock","19":"sale","20":"taxable","21":"shipping-taxable","22":"purchasable","23":"product-type-simple"},"_links":{"self":[{"href":"https:\/\/stanijamaricic.com\/sr\/wp-json\/wp\/v2\/product\/1062","targetHints":{"allow":["GET"]}}],"collection":[{"href":"https:\/\/stanijamaricic.com\/sr\/wp-json\/wp\/v2\/product"}],"about":[{"href":"https:\/\/stanijamaricic.com\/sr\/wp-json\/wp\/v2\/types\/product"}],"replies":[{"embeddable":true,"href":"https:\/\/stanijamaricic.com\/sr\/wp-json\/wp\/v2\/comments?post=1062"}],"wp:featuredmedia":[{"embeddable":true,"href":"https:\/\/stanijamaricic.com\/sr\/wp-json\/wp\/v2\/media\/1184"}],"wp:attachment":[{"href":"https:\/\/stanijamaricic.com\/sr\/wp-json\/wp\/v2\/media?parent=1062"}],"wp:term":[{"taxonomy":"product_brand","embeddable":true,"href":"https:\/\/stanijamaricic.com\/sr\/wp-json\/wp\/v2\/product_brand?post=1062"},{"taxonomy":"product_cat","embeddable":true,"href":"https:\/\/stanijamaricic.com\/sr\/wp-json\/wp\/v2\/product_cat?post=1062"},{"taxonomy":"product_tag","embeddable":true,"href":"https:\/\/stanijamaricic.com\/sr\/wp-json\/wp\/v2\/product_tag?post=1062"}],"curies":[{"name":"wp","href":"https:\/\/api.w.org\/{rel}","templated":true}]}}