{"id":1068,"date":"2022-02-22T20:18:36","date_gmt":"2022-02-22T20:18:36","guid":{"rendered":"https:\/\/stanijamaricic.com\/product\/lilana\/"},"modified":"2023-04-17T12:40:16","modified_gmt":"2023-04-17T12:40:16","slug":"marlowe","status":"publish","type":"product","link":"https:\/\/stanijamaricic.com\/sr\/shop\/marlowe\/","title":{"rendered":"Marlowe"},"content":{"rendered":"<p>Abendkleid, Unikat mit Spitze, Figurbetont, macht sch\u00f6ne FigurEigenkreation, mit Entz\u00fcckender R\u00fcckenausschnitt<\/p>","protected":false},"excerpt":{"rendered":"<p>Poliester 94%, Elastan 6% Pranje na 30\u00b0C<\/p>","protected":false},"featured_media":1168,"comment_status":"open","ping_status":"closed","template":"","meta":[],"product_brand":[],"product_cat":[155],"product_tag":[153,197,243,108,218,194,190,106,210],"class_list":{"0":"post-1068","1":"product","2":"type-product","3":"status-publish","4":"has-post-thumbnail","6":"product_cat-abendkleid","7":"product_tag-abendkleid","8":"product_tag-eigenkreation","9":"product_tag-elastisch","10":"product_tag-elegant","11":"product_tag-feminin","12":"product_tag-figurbetont","13":"product_tag-spitze","14":"product_tag-unikat","15":"product_tag-verfuehrerisch","17":"first","18":"instock","19":"sale","20":"taxable","21":"shipping-taxable","22":"purchasable","23":"product-type-simple"},"_links":{"self":[{"href":"https:\/\/stanijamaricic.com\/sr\/wp-json\/wp\/v2\/product\/1068","targetHints":{"allow":["GET"]}}],"collection":[{"href":"https:\/\/stanijamaricic.com\/sr\/wp-json\/wp\/v2\/product"}],"about":[{"href":"https:\/\/stanijamaricic.com\/sr\/wp-json\/wp\/v2\/types\/product"}],"replies":[{"embeddable":true,"href":"https:\/\/stanijamaricic.com\/sr\/wp-json\/wp\/v2\/comments?post=1068"}],"wp:featuredmedia":[{"embeddable":true,"href":"https:\/\/stanijamaricic.com\/sr\/wp-json\/wp\/v2\/media\/1168"}],"wp:attachment":[{"href":"https:\/\/stanijamaricic.com\/sr\/wp-json\/wp\/v2\/media?parent=1068"}],"wp:term":[{"taxonomy":"product_brand","embeddable":true,"href":"https:\/\/stanijamaricic.com\/sr\/wp-json\/wp\/v2\/product_brand?post=1068"},{"taxonomy":"product_cat","embeddable":true,"href":"https:\/\/stanijamaricic.com\/sr\/wp-json\/wp\/v2\/product_cat?post=1068"},{"taxonomy":"product_tag","embeddable":true,"href":"https:\/\/stanijamaricic.com\/sr\/wp-json\/wp\/v2\/product_tag?post=1068"}],"curies":[{"name":"wp","href":"https:\/\/api.w.org\/{rel}","templated":true}]}}