{"id":1085,"date":"2022-02-22T20:18:39","date_gmt":"2022-02-22T20:18:39","guid":{"rendered":"https:\/\/stanijamaricic.com\/product\/scarlette\/"},"modified":"2022-06-09T21:02:04","modified_gmt":"2022-06-09T21:02:04","slug":"natasha","status":"publish","type":"product","link":"https:\/\/stanijamaricic.com\/sr\/shop\/natasha\/","title":{"rendered":"Nata\u0161a"},"content":{"rendered":"<p>Ve\u010dernja haljina, unikatna, figura, lagana, rastezljiva, \u010dini prekrasnu figuru<\/p>","protected":false},"excerpt":{"rendered":"<p>Poliester,90%,Elastan,10%,pranje30\u00b0C<\/p>","protected":false},"featured_media":1118,"comment_status":"open","ping_status":"closed","template":"","meta":[],"product_brand":[],"product_cat":[155],"product_tag":[153,194,195],"class_list":{"0":"post-1085","1":"product","2":"type-product","3":"status-publish","4":"has-post-thumbnail","6":"product_cat-abendkleid","7":"product_tag-abendkleid","8":"product_tag-figurbetont","9":"product_tag-leicht","11":"first","12":"instock","13":"taxable","14":"shipping-taxable","15":"purchasable","16":"product-type-simple"},"_links":{"self":[{"href":"https:\/\/stanijamaricic.com\/sr\/wp-json\/wp\/v2\/product\/1085","targetHints":{"allow":["GET"]}}],"collection":[{"href":"https:\/\/stanijamaricic.com\/sr\/wp-json\/wp\/v2\/product"}],"about":[{"href":"https:\/\/stanijamaricic.com\/sr\/wp-json\/wp\/v2\/types\/product"}],"replies":[{"embeddable":true,"href":"https:\/\/stanijamaricic.com\/sr\/wp-json\/wp\/v2\/comments?post=1085"}],"wp:featuredmedia":[{"embeddable":true,"href":"https:\/\/stanijamaricic.com\/sr\/wp-json\/wp\/v2\/media\/1118"}],"wp:attachment":[{"href":"https:\/\/stanijamaricic.com\/sr\/wp-json\/wp\/v2\/media?parent=1085"}],"wp:term":[{"taxonomy":"product_brand","embeddable":true,"href":"https:\/\/stanijamaricic.com\/sr\/wp-json\/wp\/v2\/product_brand?post=1085"},{"taxonomy":"product_cat","embeddable":true,"href":"https:\/\/stanijamaricic.com\/sr\/wp-json\/wp\/v2\/product_cat?post=1085"},{"taxonomy":"product_tag","embeddable":true,"href":"https:\/\/stanijamaricic.com\/sr\/wp-json\/wp\/v2\/product_tag?post=1085"}],"curies":[{"name":"wp","href":"https:\/\/api.w.org\/{rel}","templated":true}]}}