{"id":1495,"date":"2022-03-04T21:56:40","date_gmt":"2022-03-04T21:56:40","guid":{"rendered":"https:\/\/stanijamaricic.com\/?post_type=product&#038;p=1495"},"modified":"2023-04-14T19:04:31","modified_gmt":"2023-04-14T19:04:31","slug":"kadance","status":"publish","type":"product","link":"https:\/\/stanijamaricic.com\/sr\/shop\/kadance\/","title":{"rendered":"kadance"},"content":{"rendered":"<p>Abendkleid, Eigenkreation, Leicht, macht sch\u00f6ne Figur, Einzelst\u00fcck, Luxuri\u00f6s mit Schleppe<\/p>","protected":false},"excerpt":{"rendered":"<p>Polyester100%,Waschmaschinew\u00e4sche20\u00b0C<\/p>","protected":false},"featured_media":1566,"comment_status":"open","ping_status":"closed","template":"","meta":[],"product_brand":[],"product_cat":[155],"product_tag":[153,194,106],"class_list":{"0":"post-1495","1":"product","2":"type-product","3":"status-publish","4":"has-post-thumbnail","6":"product_cat-abendkleid","7":"product_tag-abendkleid","8":"product_tag-figurbetont","9":"product_tag-unikat","11":"first","12":"instock","13":"sale","14":"taxable","15":"shipping-taxable","16":"purchasable","17":"product-type-simple"},"_links":{"self":[{"href":"https:\/\/stanijamaricic.com\/sr\/wp-json\/wp\/v2\/product\/1495","targetHints":{"allow":["GET"]}}],"collection":[{"href":"https:\/\/stanijamaricic.com\/sr\/wp-json\/wp\/v2\/product"}],"about":[{"href":"https:\/\/stanijamaricic.com\/sr\/wp-json\/wp\/v2\/types\/product"}],"replies":[{"embeddable":true,"href":"https:\/\/stanijamaricic.com\/sr\/wp-json\/wp\/v2\/comments?post=1495"}],"wp:featuredmedia":[{"embeddable":true,"href":"https:\/\/stanijamaricic.com\/sr\/wp-json\/wp\/v2\/media\/1566"}],"wp:attachment":[{"href":"https:\/\/stanijamaricic.com\/sr\/wp-json\/wp\/v2\/media?parent=1495"}],"wp:term":[{"taxonomy":"product_brand","embeddable":true,"href":"https:\/\/stanijamaricic.com\/sr\/wp-json\/wp\/v2\/product_brand?post=1495"},{"taxonomy":"product_cat","embeddable":true,"href":"https:\/\/stanijamaricic.com\/sr\/wp-json\/wp\/v2\/product_cat?post=1495"},{"taxonomy":"product_tag","embeddable":true,"href":"https:\/\/stanijamaricic.com\/sr\/wp-json\/wp\/v2\/product_tag?post=1495"}],"curies":[{"name":"wp","href":"https:\/\/api.w.org\/{rel}","templated":true}]}}