{"id":1825,"date":"2022-03-06T14:05:39","date_gmt":"2022-03-06T14:05:39","guid":{"rendered":"https:\/\/stanijamaricic.com\/?post_type=product&#038;p=1825"},"modified":"2023-04-19T19:04:15","modified_gmt":"2023-04-19T19:04:15","slug":"gisella","status":"publish","type":"product","link":"https:\/\/stanijamaricic.com\/sr\/shop\/gisella\/","title":{"rendered":"Gisella"},"content":{"rendered":"<p>U ovoj ve\u010dernjoj haljini, \u017eenstvenoj i elegantnoj, glamuroznoj sa \u0161lepom, jedinstvenom komadu privla\u010dit \u0107ete poglede<\/p>","protected":false},"excerpt":{"rendered":"<p>Poliamid 90%, Elastan 10%, Pranje na 20\u00b0C<\/p>","protected":false},"featured_media":2043,"comment_status":"open","ping_status":"closed","template":"","meta":[],"product_brand":[],"product_cat":[155],"product_tag":[153,106,223],"class_list":{"0":"post-1825","1":"product","2":"type-product","3":"status-publish","4":"has-post-thumbnail","6":"product_cat-abendkleid","7":"product_tag-abendkleid","8":"product_tag-unikat","9":"product_tag-zeitlose-eleganz","11":"first","12":"instock","13":"sale","14":"taxable","15":"shipping-taxable","16":"purchasable","17":"product-type-simple"},"_links":{"self":[{"href":"https:\/\/stanijamaricic.com\/sr\/wp-json\/wp\/v2\/product\/1825","targetHints":{"allow":["GET"]}}],"collection":[{"href":"https:\/\/stanijamaricic.com\/sr\/wp-json\/wp\/v2\/product"}],"about":[{"href":"https:\/\/stanijamaricic.com\/sr\/wp-json\/wp\/v2\/types\/product"}],"replies":[{"embeddable":true,"href":"https:\/\/stanijamaricic.com\/sr\/wp-json\/wp\/v2\/comments?post=1825"}],"wp:featuredmedia":[{"embeddable":true,"href":"https:\/\/stanijamaricic.com\/sr\/wp-json\/wp\/v2\/media\/2043"}],"wp:attachment":[{"href":"https:\/\/stanijamaricic.com\/sr\/wp-json\/wp\/v2\/media?parent=1825"}],"wp:term":[{"taxonomy":"product_brand","embeddable":true,"href":"https:\/\/stanijamaricic.com\/sr\/wp-json\/wp\/v2\/product_brand?post=1825"},{"taxonomy":"product_cat","embeddable":true,"href":"https:\/\/stanijamaricic.com\/sr\/wp-json\/wp\/v2\/product_cat?post=1825"},{"taxonomy":"product_tag","embeddable":true,"href":"https:\/\/stanijamaricic.com\/sr\/wp-json\/wp\/v2\/product_tag?post=1825"}],"curies":[{"name":"wp","href":"https:\/\/api.w.org\/{rel}","templated":true}]}}