{"id":1849,"date":"2022-03-06T14:05:41","date_gmt":"2022-03-06T14:05:41","guid":{"rendered":"https:\/\/stanijamaricic.com\/?post_type=product&#038;p=1849"},"modified":"2023-04-19T18:51:23","modified_gmt":"2023-04-19T18:51:23","slug":"samael","status":"publish","type":"product","link":"https:\/\/stanijamaricic.com\/sr\/shop\/samael\/","title":{"rendered":"Samael"},"content":{"rendered":"<p>Mit dem Kleid geh\u00f6rt die B\u00fchne dir, Einzelst\u00fcck<\/p>","protected":false},"excerpt":{"rendered":"<p>Poliakril 100%, ru\u010dno pranje<\/p>","protected":false},"featured_media":1981,"comment_status":"open","ping_status":"closed","template":"","meta":[],"product_brand":[],"product_cat":[155],"product_tag":[153,108,227],"class_list":{"0":"post-1849","1":"product","2":"type-product","3":"status-publish","4":"has-post-thumbnail","6":"product_cat-abendkleid","7":"product_tag-abendkleid","8":"product_tag-elegant","9":"product_tag-glitzer","11":"first","12":"instock","13":"sale","14":"taxable","15":"shipping-taxable","16":"purchasable","17":"product-type-simple"},"_links":{"self":[{"href":"https:\/\/stanijamaricic.com\/sr\/wp-json\/wp\/v2\/product\/1849","targetHints":{"allow":["GET"]}}],"collection":[{"href":"https:\/\/stanijamaricic.com\/sr\/wp-json\/wp\/v2\/product"}],"about":[{"href":"https:\/\/stanijamaricic.com\/sr\/wp-json\/wp\/v2\/types\/product"}],"replies":[{"embeddable":true,"href":"https:\/\/stanijamaricic.com\/sr\/wp-json\/wp\/v2\/comments?post=1849"}],"wp:featuredmedia":[{"embeddable":true,"href":"https:\/\/stanijamaricic.com\/sr\/wp-json\/wp\/v2\/media\/1981"}],"wp:attachment":[{"href":"https:\/\/stanijamaricic.com\/sr\/wp-json\/wp\/v2\/media?parent=1849"}],"wp:term":[{"taxonomy":"product_brand","embeddable":true,"href":"https:\/\/stanijamaricic.com\/sr\/wp-json\/wp\/v2\/product_brand?post=1849"},{"taxonomy":"product_cat","embeddable":true,"href":"https:\/\/stanijamaricic.com\/sr\/wp-json\/wp\/v2\/product_cat?post=1849"},{"taxonomy":"product_tag","embeddable":true,"href":"https:\/\/stanijamaricic.com\/sr\/wp-json\/wp\/v2\/product_tag?post=1849"}],"curies":[{"name":"wp","href":"https:\/\/api.w.org\/{rel}","templated":true}]}}