{"id":1858,"date":"2022-03-06T14:05:42","date_gmt":"2022-03-06T14:05:42","guid":{"rendered":"https:\/\/stanijamaricic.com\/?post_type=product&#038;p=1858"},"modified":"2026-01-31T21:56:41","modified_gmt":"2026-01-31T21:56:41","slug":"abnus","status":"publish","type":"product","link":"https:\/\/stanijamaricic.com\/sr\/shop\/abnus\/","title":{"rendered":"Abnus"},"content":{"rendered":"<p>Ve\u010dernja haljina, san od \u0161ljokica, sa preslatkim izrezom na le\u0111ima, \u010darobnog izgleda, unikatan komad<\/p>","protected":false},"excerpt":{"rendered":"<p>Poliester 100%, perivo u perilici na 30\u00b0C<\/p>","protected":false},"featured_media":1960,"comment_status":"open","ping_status":"closed","template":"","meta":[],"product_brand":[],"product_cat":[155],"product_tag":[153,201,236],"class_list":{"0":"post-1858","1":"product","2":"type-product","3":"status-publish","4":"has-post-thumbnail","6":"product_cat-abendkleid","7":"product_tag-abendkleid","8":"product_tag-pailletten","9":"product_tag-rueckenfrei","11":"first","12":"instock","13":"sale","14":"taxable","15":"shipping-taxable","16":"purchasable","17":"product-type-simple"},"_links":{"self":[{"href":"https:\/\/stanijamaricic.com\/sr\/wp-json\/wp\/v2\/product\/1858","targetHints":{"allow":["GET"]}}],"collection":[{"href":"https:\/\/stanijamaricic.com\/sr\/wp-json\/wp\/v2\/product"}],"about":[{"href":"https:\/\/stanijamaricic.com\/sr\/wp-json\/wp\/v2\/types\/product"}],"replies":[{"embeddable":true,"href":"https:\/\/stanijamaricic.com\/sr\/wp-json\/wp\/v2\/comments?post=1858"}],"wp:featuredmedia":[{"embeddable":true,"href":"https:\/\/stanijamaricic.com\/sr\/wp-json\/wp\/v2\/media\/1960"}],"wp:attachment":[{"href":"https:\/\/stanijamaricic.com\/sr\/wp-json\/wp\/v2\/media?parent=1858"}],"wp:term":[{"taxonomy":"product_brand","embeddable":true,"href":"https:\/\/stanijamaricic.com\/sr\/wp-json\/wp\/v2\/product_brand?post=1858"},{"taxonomy":"product_cat","embeddable":true,"href":"https:\/\/stanijamaricic.com\/sr\/wp-json\/wp\/v2\/product_cat?post=1858"},{"taxonomy":"product_tag","embeddable":true,"href":"https:\/\/stanijamaricic.com\/sr\/wp-json\/wp\/v2\/product_tag?post=1858"}],"curies":[{"name":"wp","href":"https:\/\/api.w.org\/{rel}","templated":true}]}}