{"id":2136,"date":"2022-03-06T15:35:03","date_gmt":"2022-03-06T15:35:03","guid":{"rendered":"https:\/\/stanijamaricic.com\/?post_type=product&#038;p=2136"},"modified":"2023-04-19T18:16:36","modified_gmt":"2023-04-19T18:16:36","slug":"oaklyn","status":"publish","type":"product","link":"https:\/\/stanijamaricic.com\/sr\/shop\/oaklyn\/","title":{"rendered":"Oaklyn"},"content":{"rendered":"<p>Kleid f\u00fcr Strandhochzeit, Transparent, Macram\u00e8, Boh\u00e8me-Stil, Handarbeit mit Macram\u00e9 Technik, Einzelst\u00fcck<\/p>","protected":false},"excerpt":{"rendered":"<p>Pamuk 100%, pranje u perilici na 30\u00b0C<\/p>","protected":false},"featured_media":2298,"comment_status":"open","ping_status":"closed","template":"","meta":[],"product_brand":[],"product_cat":[241],"product_tag":[240,247,246],"class_list":{"0":"post-2136","1":"product","2":"type-product","3":"status-publish","4":"has-post-thumbnail","6":"product_cat-hochzeitskleid","7":"product_tag-brautkleid","8":"product_tag-makrame","9":"product_tag-strandhochzeit","11":"first","12":"instock","13":"sale","14":"taxable","15":"shipping-taxable","16":"purchasable","17":"product-type-simple"},"_links":{"self":[{"href":"https:\/\/stanijamaricic.com\/sr\/wp-json\/wp\/v2\/product\/2136","targetHints":{"allow":["GET"]}}],"collection":[{"href":"https:\/\/stanijamaricic.com\/sr\/wp-json\/wp\/v2\/product"}],"about":[{"href":"https:\/\/stanijamaricic.com\/sr\/wp-json\/wp\/v2\/types\/product"}],"replies":[{"embeddable":true,"href":"https:\/\/stanijamaricic.com\/sr\/wp-json\/wp\/v2\/comments?post=2136"}],"wp:featuredmedia":[{"embeddable":true,"href":"https:\/\/stanijamaricic.com\/sr\/wp-json\/wp\/v2\/media\/2298"}],"wp:attachment":[{"href":"https:\/\/stanijamaricic.com\/sr\/wp-json\/wp\/v2\/media?parent=2136"}],"wp:term":[{"taxonomy":"product_brand","embeddable":true,"href":"https:\/\/stanijamaricic.com\/sr\/wp-json\/wp\/v2\/product_brand?post=2136"},{"taxonomy":"product_cat","embeddable":true,"href":"https:\/\/stanijamaricic.com\/sr\/wp-json\/wp\/v2\/product_cat?post=2136"},{"taxonomy":"product_tag","embeddable":true,"href":"https:\/\/stanijamaricic.com\/sr\/wp-json\/wp\/v2\/product_tag?post=2136"}],"curies":[{"name":"wp","href":"https:\/\/api.w.org\/{rel}","templated":true}]}}