{"id":2139,"date":"2022-03-06T15:35:03","date_gmt":"2022-03-06T15:35:03","guid":{"rendered":"https:\/\/stanijamaricic.com\/?post_type=product&#038;p=2139"},"modified":"2023-04-19T18:18:13","modified_gmt":"2023-04-19T18:18:13","slug":"stormi-2","status":"publish","type":"product","link":"https:\/\/stanijamaricic.com\/sr\/shop\/stormi-2\/","title":{"rendered":"Stormi"},"content":{"rendered":"<p>Ein m\u00e4rchenhaftes Outfit f\u00fcr einen unvergesslichen Tag, Romantisch, H\u00e4kelspitze verbunden mit viele Stunden Handarbeit, Einzelst\u00fcck, mit viel Fantasie und Liebe gemacht.<\/p>","protected":false},"excerpt":{"rendered":"<p>Pamuk 86%, Pilyacril 14%, Pranje 30%<\/p>","protected":false},"featured_media":2289,"comment_status":"open","ping_status":"closed","template":"","meta":[],"product_brand":[],"product_cat":[241],"product_tag":[240,142,123],"class_list":{"0":"post-2139","1":"product","2":"type-product","3":"status-publish","4":"has-post-thumbnail","6":"product_cat-hochzeitskleid","7":"product_tag-brautkleid","8":"product_tag-gehaekelte-spitze","9":"product_tag-romantisch","11":"first","12":"instock","13":"sale","14":"taxable","15":"shipping-taxable","16":"purchasable","17":"product-type-simple"},"_links":{"self":[{"href":"https:\/\/stanijamaricic.com\/sr\/wp-json\/wp\/v2\/product\/2139","targetHints":{"allow":["GET"]}}],"collection":[{"href":"https:\/\/stanijamaricic.com\/sr\/wp-json\/wp\/v2\/product"}],"about":[{"href":"https:\/\/stanijamaricic.com\/sr\/wp-json\/wp\/v2\/types\/product"}],"replies":[{"embeddable":true,"href":"https:\/\/stanijamaricic.com\/sr\/wp-json\/wp\/v2\/comments?post=2139"}],"wp:featuredmedia":[{"embeddable":true,"href":"https:\/\/stanijamaricic.com\/sr\/wp-json\/wp\/v2\/media\/2289"}],"wp:attachment":[{"href":"https:\/\/stanijamaricic.com\/sr\/wp-json\/wp\/v2\/media?parent=2139"}],"wp:term":[{"taxonomy":"product_brand","embeddable":true,"href":"https:\/\/stanijamaricic.com\/sr\/wp-json\/wp\/v2\/product_brand?post=2139"},{"taxonomy":"product_cat","embeddable":true,"href":"https:\/\/stanijamaricic.com\/sr\/wp-json\/wp\/v2\/product_cat?post=2139"},{"taxonomy":"product_tag","embeddable":true,"href":"https:\/\/stanijamaricic.com\/sr\/wp-json\/wp\/v2\/product_tag?post=2139"}],"curies":[{"name":"wp","href":"https:\/\/api.w.org\/{rel}","templated":true}]}}