{"id":2152,"date":"2022-03-06T15:35:04","date_gmt":"2022-03-06T15:35:04","guid":{"rendered":"https:\/\/stanijamaricic.com\/?post_type=product&#038;p=2152"},"modified":"2023-04-19T18:13:12","modified_gmt":"2023-04-19T18:13:12","slug":"aaliyah","status":"publish","type":"product","link":"https:\/\/stanijamaricic.com\/sr\/shop\/aaliyah\/","title":{"rendered":"Aaliyah"},"content":{"rendered":"<p>Sommer \/ Hochzeitskleid, perfekt f\u00fcr Strandhochzeit, mit geh\u00e4kelte und Macram\u00e9 Spitze, aufw\u00e4ndige Handarbeit, Einzelst\u00fcck<\/p>","protected":false},"excerpt":{"rendered":"<p>Pamuk 90%, poliamid 10%, pranje na 20\u00b0C<\/p>","protected":false},"featured_media":6437,"comment_status":"open","ping_status":"closed","template":"","meta":[],"product_brand":[],"product_cat":[241],"product_tag":[240,104,244,252],"class_list":{"0":"post-2152","1":"product","2":"type-product","3":"status-publish","4":"has-post-thumbnail","6":"product_cat-hochzeitskleid","7":"product_tag-brautkleid","8":"product_tag-gehakelt","9":"product_tag-macrame","10":"product_tag-vintage","12":"first","13":"instock","14":"sale","15":"taxable","16":"shipping-taxable","17":"purchasable","18":"product-type-simple"},"_links":{"self":[{"href":"https:\/\/stanijamaricic.com\/sr\/wp-json\/wp\/v2\/product\/2152","targetHints":{"allow":["GET"]}}],"collection":[{"href":"https:\/\/stanijamaricic.com\/sr\/wp-json\/wp\/v2\/product"}],"about":[{"href":"https:\/\/stanijamaricic.com\/sr\/wp-json\/wp\/v2\/types\/product"}],"replies":[{"embeddable":true,"href":"https:\/\/stanijamaricic.com\/sr\/wp-json\/wp\/v2\/comments?post=2152"}],"wp:featuredmedia":[{"embeddable":true,"href":"https:\/\/stanijamaricic.com\/sr\/wp-json\/wp\/v2\/media\/6437"}],"wp:attachment":[{"href":"https:\/\/stanijamaricic.com\/sr\/wp-json\/wp\/v2\/media?parent=2152"}],"wp:term":[{"taxonomy":"product_brand","embeddable":true,"href":"https:\/\/stanijamaricic.com\/sr\/wp-json\/wp\/v2\/product_brand?post=2152"},{"taxonomy":"product_cat","embeddable":true,"href":"https:\/\/stanijamaricic.com\/sr\/wp-json\/wp\/v2\/product_cat?post=2152"},{"taxonomy":"product_tag","embeddable":true,"href":"https:\/\/stanijamaricic.com\/sr\/wp-json\/wp\/v2\/product_tag?post=2152"}],"curies":[{"name":"wp","href":"https:\/\/api.w.org\/{rel}","templated":true}]}}