{"id":2154,"date":"2022-03-06T15:35:04","date_gmt":"2022-03-06T15:35:04","guid":{"rendered":"https:\/\/stanijamaricic.com\/?post_type=product&#038;p=2154"},"modified":"2023-04-19T18:14:24","modified_gmt":"2023-04-19T18:14:24","slug":"paisley","status":"publish","type":"product","link":"https:\/\/stanijamaricic.com\/sr\/shop\/paisley\/","title":{"rendered":"Paisley"},"content":{"rendered":"<p>Sommer &#038; Hochzeitkleid, perfekt f\u00fcr Strandhochzeit, mit H\u00e4kel &#038; Macram\u00e9 Spitze, verbunden mit viele Stunden Handarbeit, Einzelst\u00fcck<\/p>","protected":false},"excerpt":{"rendered":"<p>Pamuk 74%, 20% viskoza, 6% elastin<\/p>","protected":false},"featured_media":2246,"comment_status":"open","ping_status":"closed","template":"","meta":[],"product_brand":[],"product_cat":[241],"product_tag":[240,161,258],"class_list":{"0":"post-2154","1":"product","2":"type-product","3":"status-publish","4":"has-post-thumbnail","6":"product_cat-hochzeitskleid","7":"product_tag-brautkleid","8":"product_tag-gehaekelte","9":"product_tag-macrame-spitze","11":"first","12":"instock","13":"sale","14":"taxable","15":"shipping-taxable","16":"purchasable","17":"product-type-simple"},"_links":{"self":[{"href":"https:\/\/stanijamaricic.com\/sr\/wp-json\/wp\/v2\/product\/2154","targetHints":{"allow":["GET"]}}],"collection":[{"href":"https:\/\/stanijamaricic.com\/sr\/wp-json\/wp\/v2\/product"}],"about":[{"href":"https:\/\/stanijamaricic.com\/sr\/wp-json\/wp\/v2\/types\/product"}],"replies":[{"embeddable":true,"href":"https:\/\/stanijamaricic.com\/sr\/wp-json\/wp\/v2\/comments?post=2154"}],"wp:featuredmedia":[{"embeddable":true,"href":"https:\/\/stanijamaricic.com\/sr\/wp-json\/wp\/v2\/media\/2246"}],"wp:attachment":[{"href":"https:\/\/stanijamaricic.com\/sr\/wp-json\/wp\/v2\/media?parent=2154"}],"wp:term":[{"taxonomy":"product_brand","embeddable":true,"href":"https:\/\/stanijamaricic.com\/sr\/wp-json\/wp\/v2\/product_brand?post=2154"},{"taxonomy":"product_cat","embeddable":true,"href":"https:\/\/stanijamaricic.com\/sr\/wp-json\/wp\/v2\/product_cat?post=2154"},{"taxonomy":"product_tag","embeddable":true,"href":"https:\/\/stanijamaricic.com\/sr\/wp-json\/wp\/v2\/product_tag?post=2154"}],"curies":[{"name":"wp","href":"https:\/\/api.w.org\/{rel}","templated":true}]}}