{"id":2155,"date":"2022-03-06T15:35:04","date_gmt":"2022-03-06T15:35:04","guid":{"rendered":"https:\/\/stanijamaricic.com\/?post_type=product&#038;p=2155"},"modified":"2023-04-19T18:14:46","modified_gmt":"2023-04-19T18:14:46","slug":"elanor","status":"publish","type":"product","link":"https:\/\/stanijamaricic.com\/sr\/shop\/elanor\/","title":{"rendered":"Elanor"},"content":{"rendered":"<p>Sommer &#038; Abendkleid, Einzelst\u00fcck, Verf\u00fchrerisch,  wirkt besonders romantisch, asymmetrisch, H\u00e4kelspitze verbunden mit viele Stunden Handarbeit<\/p>","protected":false},"excerpt":{"rendered":"<p>Poliamid 84%, Pamuk 10%, Elastan 6%<\/p>","protected":false},"featured_media":2243,"comment_status":"open","ping_status":"closed","template":"","meta":[],"product_brand":[],"product_cat":[155],"product_tag":[153,259,243],"class_list":{"0":"post-2155","1":"product","2":"type-product","3":"status-publish","4":"has-post-thumbnail","6":"product_cat-abendkleid","7":"product_tag-abendkleid","8":"product_tag-betonte-silhouette","9":"product_tag-elastisch","11":"first","12":"instock","13":"sale","14":"taxable","15":"shipping-taxable","16":"purchasable","17":"product-type-simple"},"_links":{"self":[{"href":"https:\/\/stanijamaricic.com\/sr\/wp-json\/wp\/v2\/product\/2155","targetHints":{"allow":["GET"]}}],"collection":[{"href":"https:\/\/stanijamaricic.com\/sr\/wp-json\/wp\/v2\/product"}],"about":[{"href":"https:\/\/stanijamaricic.com\/sr\/wp-json\/wp\/v2\/types\/product"}],"replies":[{"embeddable":true,"href":"https:\/\/stanijamaricic.com\/sr\/wp-json\/wp\/v2\/comments?post=2155"}],"wp:featuredmedia":[{"embeddable":true,"href":"https:\/\/stanijamaricic.com\/sr\/wp-json\/wp\/v2\/media\/2243"}],"wp:attachment":[{"href":"https:\/\/stanijamaricic.com\/sr\/wp-json\/wp\/v2\/media?parent=2155"}],"wp:term":[{"taxonomy":"product_brand","embeddable":true,"href":"https:\/\/stanijamaricic.com\/sr\/wp-json\/wp\/v2\/product_brand?post=2155"},{"taxonomy":"product_cat","embeddable":true,"href":"https:\/\/stanijamaricic.com\/sr\/wp-json\/wp\/v2\/product_cat?post=2155"},{"taxonomy":"product_tag","embeddable":true,"href":"https:\/\/stanijamaricic.com\/sr\/wp-json\/wp\/v2\/product_tag?post=2155"}],"curies":[{"name":"wp","href":"https:\/\/api.w.org\/{rel}","templated":true}]}}