{"id":2160,"date":"2022-03-06T15:35:05","date_gmt":"2022-03-06T15:35:05","guid":{"rendered":"https:\/\/stanijamaricic.com\/?post_type=product&#038;p=2160"},"modified":"2023-04-19T18:05:48","modified_gmt":"2023-04-19T18:05:48","slug":"ernas","status":"publish","type":"product","link":"https:\/\/stanijamaricic.com\/sr\/shop\/ernas\/","title":{"rendered":"ernas"},"content":{"rendered":"<p>Romanti\u010dni Bocho Lock, savr\u0161en za vjen\u010danje na pla\u017ei<\/p>","protected":false},"excerpt":{"rendered":"<p>Poliakril 48%, Pamuk 52%, pranje, 30\u00b0C<\/p>","protected":false},"featured_media":6442,"comment_status":"open","ping_status":"closed","template":"","meta":[],"product_brand":[],"product_cat":[241],"product_tag":[240,123,246],"class_list":{"0":"post-2160","1":"product","2":"type-product","3":"status-publish","4":"has-post-thumbnail","6":"product_cat-hochzeitskleid","7":"product_tag-brautkleid","8":"product_tag-romantisch","9":"product_tag-strandhochzeit","11":"first","12":"instock","13":"sale","14":"taxable","15":"shipping-taxable","16":"purchasable","17":"product-type-simple"},"_links":{"self":[{"href":"https:\/\/stanijamaricic.com\/sr\/wp-json\/wp\/v2\/product\/2160","targetHints":{"allow":["GET"]}}],"collection":[{"href":"https:\/\/stanijamaricic.com\/sr\/wp-json\/wp\/v2\/product"}],"about":[{"href":"https:\/\/stanijamaricic.com\/sr\/wp-json\/wp\/v2\/types\/product"}],"replies":[{"embeddable":true,"href":"https:\/\/stanijamaricic.com\/sr\/wp-json\/wp\/v2\/comments?post=2160"}],"wp:featuredmedia":[{"embeddable":true,"href":"https:\/\/stanijamaricic.com\/sr\/wp-json\/wp\/v2\/media\/6442"}],"wp:attachment":[{"href":"https:\/\/stanijamaricic.com\/sr\/wp-json\/wp\/v2\/media?parent=2160"}],"wp:term":[{"taxonomy":"product_brand","embeddable":true,"href":"https:\/\/stanijamaricic.com\/sr\/wp-json\/wp\/v2\/product_brand?post=2160"},{"taxonomy":"product_cat","embeddable":true,"href":"https:\/\/stanijamaricic.com\/sr\/wp-json\/wp\/v2\/product_cat?post=2160"},{"taxonomy":"product_tag","embeddable":true,"href":"https:\/\/stanijamaricic.com\/sr\/wp-json\/wp\/v2\/product_tag?post=2160"}],"curies":[{"name":"wp","href":"https:\/\/api.w.org\/{rel}","templated":true}]}}