{"id":2176,"date":"2022-03-06T15:35:06","date_gmt":"2022-03-06T15:35:06","guid":{"rendered":"https:\/\/stanijamaricic.com\/?post_type=product&#038;p=2176"},"modified":"2023-04-19T17:57:50","modified_gmt":"2023-04-19T17:57:50","slug":"evangelina","status":"publish","type":"product","link":"https:\/\/stanijamaricic.com\/sr\/shop\/evangelina\/","title":{"rendered":"Evangelina"},"content":{"rendered":"<p>Vjen\u010danica, romanti\u010dna, heklana (boho stil), savr\u0161ena za vjen\u010danje na pla\u017ei<\/p>","protected":false},"excerpt":{"rendered":"<p>Pamuk 80%, poliakril 20%, pranje na 30\u00b0C<\/p>","protected":false},"featured_media":6443,"comment_status":"open","ping_status":"closed","template":"","meta":[],"product_brand":[],"product_cat":[241],"product_tag":[240,104,123,252],"class_list":{"0":"post-2176","1":"product","2":"type-product","3":"status-publish","4":"has-post-thumbnail","6":"product_cat-hochzeitskleid","7":"product_tag-brautkleid","8":"product_tag-gehakelt","9":"product_tag-romantisch","10":"product_tag-vintage","12":"first","13":"instock","14":"sale","15":"taxable","16":"shipping-taxable","17":"purchasable","18":"product-type-simple"},"_links":{"self":[{"href":"https:\/\/stanijamaricic.com\/sr\/wp-json\/wp\/v2\/product\/2176","targetHints":{"allow":["GET"]}}],"collection":[{"href":"https:\/\/stanijamaricic.com\/sr\/wp-json\/wp\/v2\/product"}],"about":[{"href":"https:\/\/stanijamaricic.com\/sr\/wp-json\/wp\/v2\/types\/product"}],"replies":[{"embeddable":true,"href":"https:\/\/stanijamaricic.com\/sr\/wp-json\/wp\/v2\/comments?post=2176"}],"wp:featuredmedia":[{"embeddable":true,"href":"https:\/\/stanijamaricic.com\/sr\/wp-json\/wp\/v2\/media\/6443"}],"wp:attachment":[{"href":"https:\/\/stanijamaricic.com\/sr\/wp-json\/wp\/v2\/media?parent=2176"}],"wp:term":[{"taxonomy":"product_brand","embeddable":true,"href":"https:\/\/stanijamaricic.com\/sr\/wp-json\/wp\/v2\/product_brand?post=2176"},{"taxonomy":"product_cat","embeddable":true,"href":"https:\/\/stanijamaricic.com\/sr\/wp-json\/wp\/v2\/product_cat?post=2176"},{"taxonomy":"product_tag","embeddable":true,"href":"https:\/\/stanijamaricic.com\/sr\/wp-json\/wp\/v2\/product_tag?post=2176"}],"curies":[{"name":"wp","href":"https:\/\/api.w.org\/{rel}","templated":true}]}}