{"id":2332,"date":"2022-03-06T19:15:05","date_gmt":"2022-03-06T19:15:05","guid":{"rendered":"https:\/\/stanijamaricic.com\/?post_type=product&#038;p=2332"},"modified":"2023-04-19T17:20:59","modified_gmt":"2023-04-19T17:20:59","slug":"rosamund","status":"publish","type":"product","link":"https:\/\/stanijamaricic.com\/sr\/shop\/rosamund\/","title":{"rendered":"mundye"},"content":{"rendered":"<p>Bolero, mo\u017ee se kombinirati na vi\u0161e na\u010dina, pletivo, stvara prekrasan struk, unikatan komad, u kombinaciji sa vi\u0161esatnim ru\u010dnim radom, za posebnu priliku<\/p>","protected":false},"excerpt":{"rendered":"<p>Pamuk 46%, moher 30%, poliamid 24%<\/p>","protected":false},"featured_media":2416,"comment_status":"open","ping_status":"closed","template":"","meta":[],"product_brand":[],"product_cat":[74],"product_tag":[263,115,123,106],"class_list":{"0":"post-2332","1":"product","2":"type-product","3":"status-publish","4":"has-post-thumbnail","6":"product_cat-bolero","7":"product_tag-bolero","8":"product_tag-gestrickt","9":"product_tag-romantisch","10":"product_tag-unikat","12":"first","13":"instock","14":"sale","15":"taxable","16":"shipping-taxable","17":"purchasable","18":"product-type-simple"},"_links":{"self":[{"href":"https:\/\/stanijamaricic.com\/sr\/wp-json\/wp\/v2\/product\/2332","targetHints":{"allow":["GET"]}}],"collection":[{"href":"https:\/\/stanijamaricic.com\/sr\/wp-json\/wp\/v2\/product"}],"about":[{"href":"https:\/\/stanijamaricic.com\/sr\/wp-json\/wp\/v2\/types\/product"}],"replies":[{"embeddable":true,"href":"https:\/\/stanijamaricic.com\/sr\/wp-json\/wp\/v2\/comments?post=2332"}],"wp:featuredmedia":[{"embeddable":true,"href":"https:\/\/stanijamaricic.com\/sr\/wp-json\/wp\/v2\/media\/2416"}],"wp:attachment":[{"href":"https:\/\/stanijamaricic.com\/sr\/wp-json\/wp\/v2\/media?parent=2332"}],"wp:term":[{"taxonomy":"product_brand","embeddable":true,"href":"https:\/\/stanijamaricic.com\/sr\/wp-json\/wp\/v2\/product_brand?post=2332"},{"taxonomy":"product_cat","embeddable":true,"href":"https:\/\/stanijamaricic.com\/sr\/wp-json\/wp\/v2\/product_cat?post=2332"},{"taxonomy":"product_tag","embeddable":true,"href":"https:\/\/stanijamaricic.com\/sr\/wp-json\/wp\/v2\/product_tag?post=2332"}],"curies":[{"name":"wp","href":"https:\/\/api.w.org\/{rel}","templated":true}]}}