{"id":2348,"date":"2022-03-06T19:15:06","date_gmt":"2022-03-06T19:15:06","guid":{"rendered":"https:\/\/stanijamaricic.com\/?post_type=product&#038;p=2348"},"modified":"2023-04-19T17:19:13","modified_gmt":"2023-04-19T17:19:13","slug":"heidan","status":"publish","type":"product","link":"https:\/\/stanijamaricic.com\/sr\/shop\/heidan\/","title":{"rendered":"Heidan"},"content":{"rendered":"<p>Romantisch, vielseitig kombinierbar, f\u00fcr m\u00e4rchenhafte auftritt, sehr sch\u00f6n f\u00fcr ein besonderen Anlass, H\u00e4kelspitze und Perlen, verbunden mit viele Stunden Handarbeit <\/p>","protected":false},"excerpt":{"rendered":"<p>Svila 100%, ru\u010dno pranje<\/p>","protected":false},"featured_media":6375,"comment_status":"open","ping_status":"closed","template":"","meta":[],"product_brand":[],"product_cat":[74],"product_tag":[263,104,123,106],"class_list":{"0":"post-2348","1":"product","2":"type-product","3":"status-publish","4":"has-post-thumbnail","6":"product_cat-bolero","7":"product_tag-bolero","8":"product_tag-gehakelt","9":"product_tag-romantisch","10":"product_tag-unikat","12":"first","13":"instock","14":"sale","15":"taxable","16":"shipping-taxable","17":"purchasable","18":"product-type-simple"},"_links":{"self":[{"href":"https:\/\/stanijamaricic.com\/sr\/wp-json\/wp\/v2\/product\/2348","targetHints":{"allow":["GET"]}}],"collection":[{"href":"https:\/\/stanijamaricic.com\/sr\/wp-json\/wp\/v2\/product"}],"about":[{"href":"https:\/\/stanijamaricic.com\/sr\/wp-json\/wp\/v2\/types\/product"}],"replies":[{"embeddable":true,"href":"https:\/\/stanijamaricic.com\/sr\/wp-json\/wp\/v2\/comments?post=2348"}],"wp:featuredmedia":[{"embeddable":true,"href":"https:\/\/stanijamaricic.com\/sr\/wp-json\/wp\/v2\/media\/6375"}],"wp:attachment":[{"href":"https:\/\/stanijamaricic.com\/sr\/wp-json\/wp\/v2\/media?parent=2348"}],"wp:term":[{"taxonomy":"product_brand","embeddable":true,"href":"https:\/\/stanijamaricic.com\/sr\/wp-json\/wp\/v2\/product_brand?post=2348"},{"taxonomy":"product_cat","embeddable":true,"href":"https:\/\/stanijamaricic.com\/sr\/wp-json\/wp\/v2\/product_cat?post=2348"},{"taxonomy":"product_tag","embeddable":true,"href":"https:\/\/stanijamaricic.com\/sr\/wp-json\/wp\/v2\/product_tag?post=2348"}],"curies":[{"name":"wp","href":"https:\/\/api.w.org\/{rel}","templated":true}]}}