{"id":2616,"date":"2022-03-08T18:27:31","date_gmt":"2022-03-08T18:27:31","guid":{"rendered":"https:\/\/stanijamaricic.com\/?post_type=product&#038;p=2616"},"modified":"2023-04-19T14:42:50","modified_gmt":"2023-04-19T14:42:50","slug":"marleigh","status":"publish","type":"product","link":"https:\/\/stanijamaricic.com\/sr\/shop\/marleigh\/","title":{"rendered":"Marleigh"},"content":{"rendered":"<p>Pro\u0161iveni gornji dio, udoban i elasti\u010dan za no\u0161enje<\/p>","protected":false},"excerpt":{"rendered":"<p>Viskoza 95%, elastan 5, pranje, 30\u00b0C<\/p>","protected":false},"featured_media":2617,"comment_status":"open","ping_status":"closed","template":"","meta":[],"product_brand":[],"product_cat":[126],"product_tag":[299,194,236,122],"class_list":{"0":"post-2616","1":"product","2":"type-product","3":"status-publish","4":"has-post-thumbnail","6":"product_cat-top","7":"product_tag-elastich","8":"product_tag-figurbetont","9":"product_tag-rueckenfrei","10":"product_tag-top","12":"first","13":"instock","14":"sale","15":"taxable","16":"shipping-taxable","17":"purchasable","18":"product-type-simple"},"_links":{"self":[{"href":"https:\/\/stanijamaricic.com\/sr\/wp-json\/wp\/v2\/product\/2616","targetHints":{"allow":["GET"]}}],"collection":[{"href":"https:\/\/stanijamaricic.com\/sr\/wp-json\/wp\/v2\/product"}],"about":[{"href":"https:\/\/stanijamaricic.com\/sr\/wp-json\/wp\/v2\/types\/product"}],"replies":[{"embeddable":true,"href":"https:\/\/stanijamaricic.com\/sr\/wp-json\/wp\/v2\/comments?post=2616"}],"wp:featuredmedia":[{"embeddable":true,"href":"https:\/\/stanijamaricic.com\/sr\/wp-json\/wp\/v2\/media\/2617"}],"wp:attachment":[{"href":"https:\/\/stanijamaricic.com\/sr\/wp-json\/wp\/v2\/media?parent=2616"}],"wp:term":[{"taxonomy":"product_brand","embeddable":true,"href":"https:\/\/stanijamaricic.com\/sr\/wp-json\/wp\/v2\/product_brand?post=2616"},{"taxonomy":"product_cat","embeddable":true,"href":"https:\/\/stanijamaricic.com\/sr\/wp-json\/wp\/v2\/product_cat?post=2616"},{"taxonomy":"product_tag","embeddable":true,"href":"https:\/\/stanijamaricic.com\/sr\/wp-json\/wp\/v2\/product_tag?post=2616"}],"curies":[{"name":"wp","href":"https:\/\/api.w.org\/{rel}","templated":true}]}}