{"id":2685,"date":"2022-03-08T20:31:45","date_gmt":"2022-03-08T20:31:45","guid":{"rendered":"https:\/\/stanijamaricic.com\/?post_type=product&#038;p=2685"},"modified":"2023-04-19T14:24:53","modified_gmt":"2023-04-19T14:24:53","slug":"abby","status":"publish","type":"product","link":"https:\/\/stanijamaricic.com\/sr\/shop\/abby\/","title":{"rendered":"Abby"},"content":{"rendered":"<p>Romanti\u010dna haljina, izvezena, elasti\u010dna \u010dipka savr\u0161eno grli<\/p>","protected":false},"excerpt":{"rendered":"<p>Pamuk 80%, akril 16%, elastin 4%, 30\u00b0C<\/p>","protected":false},"featured_media":2715,"comment_status":"open","ping_status":"closed","template":"","meta":[],"product_brand":[],"product_cat":[249],"product_tag":[300,121,250],"class_list":{"0":"post-2685","1":"product","2":"type-product","3":"status-publish","4":"has-post-thumbnail","6":"product_cat-sommerkleid","7":"product_tag-betonte-schnit","8":"product_tag-boho-style","9":"product_tag-sommerkleid","11":"first","12":"instock","13":"sale","14":"taxable","15":"shipping-taxable","16":"purchasable","17":"product-type-simple"},"_links":{"self":[{"href":"https:\/\/stanijamaricic.com\/sr\/wp-json\/wp\/v2\/product\/2685","targetHints":{"allow":["GET"]}}],"collection":[{"href":"https:\/\/stanijamaricic.com\/sr\/wp-json\/wp\/v2\/product"}],"about":[{"href":"https:\/\/stanijamaricic.com\/sr\/wp-json\/wp\/v2\/types\/product"}],"replies":[{"embeddable":true,"href":"https:\/\/stanijamaricic.com\/sr\/wp-json\/wp\/v2\/comments?post=2685"}],"wp:featuredmedia":[{"embeddable":true,"href":"https:\/\/stanijamaricic.com\/sr\/wp-json\/wp\/v2\/media\/2715"}],"wp:attachment":[{"href":"https:\/\/stanijamaricic.com\/sr\/wp-json\/wp\/v2\/media?parent=2685"}],"wp:term":[{"taxonomy":"product_brand","embeddable":true,"href":"https:\/\/stanijamaricic.com\/sr\/wp-json\/wp\/v2\/product_brand?post=2685"},{"taxonomy":"product_cat","embeddable":true,"href":"https:\/\/stanijamaricic.com\/sr\/wp-json\/wp\/v2\/product_cat?post=2685"},{"taxonomy":"product_tag","embeddable":true,"href":"https:\/\/stanijamaricic.com\/sr\/wp-json\/wp\/v2\/product_tag?post=2685"}],"curies":[{"name":"wp","href":"https:\/\/api.w.org\/{rel}","templated":true}]}}